{"id":1234,"date":"2025-03-06T12:10:18","date_gmt":"2025-03-06T12:10:18","guid":{"rendered":"https:\/\/digivcard.io\/anweisung\/allgemein\/"},"modified":"2025-03-06T12:30:21","modified_gmt":"2025-03-06T12:30:21","slug":"allgemein","status":"publish","type":"page","link":"https:\/\/nfcvisitcard.com\/de\/anweisung\/allgemein\/","title":{"rendered":"Allgemein"},"content":{"rendered":"\t\t<div data-elementor-type=\"wp-page\" data-elementor-id=\"1234\" class=\"elementor elementor-1234\" data-elementor-post-type=\"page\">\n\t\t\t\t<div class=\"elementor-element elementor-element-49e1790 e-flex e-con-boxed e-con e-parent\" data-id=\"49e1790\" data-element_type=\"container\">\n\t\t\t\t\t<div class=\"e-con-inner\">\n\t\t\t\t<div class=\"elementor-element elementor-element-af94f9b elementor-widget elementor-widget-heading\" data-id=\"af94f9b\" data-element_type=\"widget\" data-widget_type=\"heading.default\">\n\t\t\t\t<div class=\"elementor-widget-container\">\n\t\t\t\t\t<h1 class=\"elementor-heading-title elementor-size-default\">Allgemein<\/h1>\t\t\t\t<\/div>\n\t\t\t\t<\/div>\n\t\t\t\t<div class=\"elementor-element elementor-element-3e618db elementor-widget elementor-widget-text-editor\" data-id=\"3e618db\" data-element_type=\"widget\" data-widget_type=\"text-editor.default\">\n\t\t\t\t<div class=\"elementor-widget-container\">\n\t\t\t\t\t\t\t\t\t<p class=\"elementor-heading-title elementor-size-default\">Danke, dass Sie sich f\u00fcr DigiVCard entschieden haben!<\/p>\t\t\t\t\t\t\t\t<\/div>\n\t\t\t\t<\/div>\n\t\t<div class=\"elementor-element elementor-element-7f422bd e-con-full e-flex e-con e-child\" data-id=\"7f422bd\" data-element_type=\"container\" data-settings=\"{&quot;background_background&quot;:&quot;classic&quot;}\">\n\t\t\t\t<div class=\"elementor-element elementor-element-787e127 elementor-widget elementor-widget-text-editor\" data-id=\"787e127\" data-element_type=\"widget\" data-widget_type=\"text-editor.default\">\n\t\t\t\t<div class=\"elementor-widget-container\">\n\t\t\t\t\t\t\t\t\t<p class=\"post-type2-main-title\">Richtlinien f\u00fcr unsere digitale Visitenkarte<\/p>\t\t\t\t\t\t\t\t<\/div>\n\t\t\t\t<\/div>\n\t\t\t\t<\/div>\n\t\t\t\t\t<\/div>\n\t\t\t\t<\/div>\n\t\t<div class=\"elementor-element elementor-element-8094aec e-flex e-con-boxed e-con e-parent\" data-id=\"8094aec\" data-element_type=\"container\">\n\t\t\t\t\t<div class=\"e-con-inner\">\n\t\t<div class=\"elementor-element elementor-element-8f5503f e-con-full e-flex e-con e-child\" data-id=\"8f5503f\" data-element_type=\"container\" data-settings=\"{&quot;background_background&quot;:&quot;classic&quot;}\">\n\t\t<div class=\"elementor-element elementor-element-3c700e6 e-con-full e-flex e-con e-child\" data-id=\"3c700e6\" data-element_type=\"container\">\n\t\t\t\t<div class=\"elementor-element elementor-element-809cb86 elementor-widget elementor-widget-image\" data-id=\"809cb86\" data-element_type=\"widget\" data-widget_type=\"image.default\">\n\t\t\t\t<div class=\"elementor-widget-container\">\n\t\t\t\t\t\t\t\t\t\t\t\t\t\t\t<img fetchpriority=\"high\" decoding=\"async\" width=\"570\" height=\"500\" src=\"https:\/\/nfcvisitcard.com\/wp-content\/uploads\/2024\/07\/1-1.jpg\" class=\"attachment-large size-large wp-image-438\" alt=\"DigiVCard mobile app download screen with QR code, available on the App Store and Google Play for smart networking and digital business card management.\" srcset=\"https:\/\/nfcvisitcard.com\/wp-content\/uploads\/2024\/07\/1-1.jpg 570w, https:\/\/nfcvisitcard.com\/wp-content\/uploads\/2024\/07\/1-1-300x263.jpg 300w\" sizes=\"(max-width: 570px) 100vw, 570px\" \/>\t\t\t\t\t\t\t\t\t\t\t\t\t\t\t<\/div>\n\t\t\t\t<\/div>\n\t\t\t\t<\/div>\n\t\t<div class=\"elementor-element elementor-element-a371223 e-con-full e-flex e-con e-child\" data-id=\"a371223\" data-element_type=\"container\">\n\t\t\t\t<div class=\"elementor-element elementor-element-08bfe85 elementor-widget elementor-widget-heading\" data-id=\"08bfe85\" data-element_type=\"widget\" data-widget_type=\"heading.default\">\n\t\t\t\t<div class=\"elementor-widget-container\">\n\t\t\t\t\t<h2 class=\"elementor-heading-title elementor-size-default\">Finde die App<\/h2>\t\t\t\t<\/div>\n\t\t\t\t<\/div>\n\t\t\t\t<div class=\"elementor-element elementor-element-abf0280 elementor-widget elementor-widget-text-editor\" data-id=\"abf0280\" data-element_type=\"widget\" data-widget_type=\"text-editor.default\">\n\t\t\t\t<div class=\"elementor-widget-container\">\n\t\t\t\t\t\t\t\t\t<p>Laden Sie die DigiVCard-App ganz einfach \u00fcber die unten angegebenen Links herunter oder scannen Sie den QR-Code in diesem Handbuch. Diese Links f\u00fchren Sie direkt zur DigiVCard-App, mit der Sie Ihren Bedarf an digitalen Visitenkarten m\u00fchelos verwalten k\u00f6nnen. Mit DigiVCard k\u00f6nnen Sie Ihre digitale Visitenkarte ganz einfach erstellen, freigeben und aktualisieren und so nahtlose Networking-Erlebnisse erm\u00f6glichen.<\/p>\t\t\t\t\t\t\t\t<\/div>\n\t\t\t\t<\/div>\n\t\t\t\t<div class=\"elementor-element elementor-element-9d2cb67 elementor-widget elementor-widget-text-editor\" data-id=\"9d2cb67\" data-element_type=\"widget\" data-widget_type=\"text-editor.default\">\n\t\t\t\t<div class=\"elementor-widget-container\">\n\t\t\t\t\t\t\t\t\t<p>Android-Nutzer klicken einfach auf den folgenden Link: <span style=\"color: #ffcc00;\"><a style=\"color: #ffcc00;\" href=\"https:\/\/play.google.com\/store\/apps\/details?id=com.peaktowertech.digivcard&amp;pcampaignid=web_share\"><span style=\"color: #ff6532;\">[Google Play Store]<\/span><\/a><\/span> Wenn Sie iOS-Nutzer sind, navigieren Sie zu: <a href=\"https:\/\/apps.apple.com\/at\/app\/digivcard\/id6450741806?l=en-GB\">[App Store]<\/a>.<\/p>\t\t\t\t\t\t\t\t<\/div>\n\t\t\t\t<\/div>\n\t\t\t\t<\/div>\n\t\t\t\t<\/div>\n\t\t<div class=\"elementor-element elementor-element-684fceb e-con-full e-flex e-con e-child\" data-id=\"684fceb\" data-element_type=\"container\" data-settings=\"{&quot;background_background&quot;:&quot;classic&quot;}\">\n\t\t<div class=\"elementor-element elementor-element-72140d0 e-con-full e-flex e-con e-child\" data-id=\"72140d0\" data-element_type=\"container\">\n\t\t\t\t<div class=\"elementor-element elementor-element-a8bd2b6 elementor-widget elementor-widget-heading\" data-id=\"a8bd2b6\" data-element_type=\"widget\" data-widget_type=\"heading.default\">\n\t\t\t\t<div class=\"elementor-widget-container\">\n\t\t\t\t\t<h2 class=\"elementor-heading-title elementor-size-default\">Erstellen Sie ein Konto oder melden Sie sich bei Ihrem Konto an:<\/h2>\t\t\t\t<\/div>\n\t\t\t\t<\/div>\n\t\t\t\t<div class=\"elementor-element elementor-element-12fe019 elementor-widget elementor-widget-text-editor\" data-id=\"12fe019\" data-element_type=\"widget\" data-widget_type=\"text-editor.default\">\n\t\t\t\t<div class=\"elementor-widget-container\">\n\t\t\t\t\t\t\t\t\t<p>Egal, ob Sie neu bei DigiVCard sind oder bereits Teil unserer Community, wir freuen uns, Sie an Bord zu haben! Wenn Sie neu sind, herzlich willkommen an Bord! Die Erstellung Ihres DigiVCard-Kontos ist schnell und einfach \u2013 geben Sie einfach Ihre Daten ein, um loszulegen. Sie haben bereits ein Konto bei uns? Fantastisch! Melden Sie sich einfach mit Ihren bestehenden Anmeldedaten an. Egal, ob Sie ein neues Konto erstellen oder sich anmelden, DigiVCard bietet Ihnen eine nahtlose Erfahrung zur effektiven Verwaltung Ihrer digitalen Visitenkarten.<\/p>\t\t\t\t\t\t\t\t<\/div>\n\t\t\t\t<\/div>\n\t\t\t\t<\/div>\n\t\t<div class=\"elementor-element elementor-element-f6acac9 e-con-full e-flex e-con e-child\" data-id=\"f6acac9\" data-element_type=\"container\">\n\t\t\t\t<div class=\"elementor-element elementor-element-f3fa9c2 elementor-widget elementor-widget-image\" data-id=\"f3fa9c2\" data-element_type=\"widget\" data-widget_type=\"image.default\">\n\t\t\t\t<div class=\"elementor-widget-container\">\n\t\t\t\t\t\t\t\t\t\t\t\t\t\t\t<img decoding=\"async\" width=\"570\" height=\"500\" src=\"https:\/\/nfcvisitcard.com\/wp-content\/uploads\/2024\/07\/2-1.jpg\" class=\"attachment-large size-large wp-image-451\" alt=\"Sign-up screen for DigiVCard, enabling users to create an account for smart networking and digital business card management.\" srcset=\"https:\/\/nfcvisitcard.com\/wp-content\/uploads\/2024\/07\/2-1.jpg 570w, https:\/\/nfcvisitcard.com\/wp-content\/uploads\/2024\/07\/2-1-300x263.jpg 300w\" sizes=\"(max-width: 570px) 100vw, 570px\" \/>\t\t\t\t\t\t\t\t\t\t\t\t\t\t\t<\/div>\n\t\t\t\t<\/div>\n\t\t\t\t<\/div>\n\t\t\t\t<\/div>\n\t\t\t\t\t<\/div>\n\t\t\t\t<\/div>\n\t\t\t\t<\/div>\n\t\t","protected":false},"excerpt":{"rendered":"<p>Danke, dass Sie sich f\u00fcr DigiVCard entschieden haben! Richtlinien f\u00fcr unsere digitale Visitenkarte Finde die App Laden Sie die DigiVCard-App ganz einfach \u00fcber die unten angegebenen Links herunter oder scannen Sie den QR-Code in diesem Handbuch. Diese Links f\u00fchren Sie direkt zur DigiVCard-App, mit der Sie Ihren Bedarf an digitalen Visitenkarten m\u00fchelos verwalten k\u00f6nnen. Mit [&hellip;]<\/p>\n","protected":false},"author":2,"featured_media":0,"parent":1046,"menu_order":0,"comment_status":"closed","ping_status":"closed","template":"elementor_header_footer","meta":{"footnotes":""},"class_list":["post-1234","page","type-page","status-publish","hentry"],"_links":{"self":[{"href":"https:\/\/nfcvisitcard.com\/de\/wp-json\/wp\/v2\/pages\/1234","targetHints":{"allow":["GET"]}}],"collection":[{"href":"https:\/\/nfcvisitcard.com\/de\/wp-json\/wp\/v2\/pages"}],"about":[{"href":"https:\/\/nfcvisitcard.com\/de\/wp-json\/wp\/v2\/types\/page"}],"author":[{"embeddable":true,"href":"https:\/\/nfcvisitcard.com\/de\/wp-json\/wp\/v2\/users\/2"}],"replies":[{"embeddable":true,"href":"https:\/\/nfcvisitcard.com\/de\/wp-json\/wp\/v2\/comments?post=1234"}],"version-history":[{"count":0,"href":"https:\/\/nfcvisitcard.com\/de\/wp-json\/wp\/v2\/pages\/1234\/revisions"}],"up":[{"embeddable":true,"href":"https:\/\/nfcvisitcard.com\/de\/wp-json\/wp\/v2\/pages\/1046"}],"wp:attachment":[{"href":"https:\/\/nfcvisitcard.com\/de\/wp-json\/wp\/v2\/media?parent=1234"}],"curies":[{"name":"wp","href":"https:\/\/api.w.org\/{rel}","templated":true}]}}