{"id":1069,"date":"2024-07-06T14:29:13","date_gmt":"2024-07-06T14:29:13","guid":{"rendered":"https:\/\/digivcard.io\/anweisung\/schlagworter\/"},"modified":"2025-01-19T15:11:08","modified_gmt":"2025-01-19T15:11:08","slug":"schlagworter","status":"publish","type":"page","link":"https:\/\/nfcvisitcard.com\/de\/anweisung\/schlagworter\/","title":{"rendered":"Schlagw\u00f6rter"},"content":{"rendered":"\t\t<div data-elementor-type=\"wp-page\" data-elementor-id=\"1069\" class=\"elementor elementor-1069\" data-elementor-post-type=\"page\">\n\t\t\t\t<div class=\"elementor-element elementor-element-c852e8f e-flex e-con-boxed e-con e-parent\" data-id=\"c852e8f\" data-element_type=\"container\">\n\t\t\t\t\t<div class=\"e-con-inner\">\n\t\t\t\t<div class=\"elementor-element elementor-element-c1b6c5d elementor-widget elementor-widget-heading\" data-id=\"c1b6c5d\" data-element_type=\"widget\" data-widget_type=\"heading.default\">\n\t\t\t\t<div class=\"elementor-widget-container\">\n\t\t\t\t\t<h1 class=\"elementor-heading-title elementor-size-default\">Schlagworte<\/h1>\t\t\t\t<\/div>\n\t\t\t\t<\/div>\n\t\t\t\t<div class=\"elementor-element elementor-element-ff401de elementor-widget elementor-widget-text-editor\" data-id=\"ff401de\" data-element_type=\"widget\" data-widget_type=\"text-editor.default\">\n\t\t\t\t<div class=\"elementor-widget-container\">\n\t\t\t\t\t\t\t\t\t<p class=\"elementor-heading-title elementor-size-default\">Danke, dass Sie sich f\u00fcr DigiVCard entschieden haben!<\/p>\t\t\t\t\t\t\t\t<\/div>\n\t\t\t\t<\/div>\n\t\t<div class=\"elementor-element elementor-element-62d93ab e-con-full e-flex e-con e-child\" data-id=\"62d93ab\" data-element_type=\"container\" data-settings=\"{&quot;background_background&quot;:&quot;classic&quot;}\">\n\t\t\t\t<div class=\"elementor-element elementor-element-3291a75 elementor-widget elementor-widget-text-editor\" data-id=\"3291a75\" data-element_type=\"widget\" data-widget_type=\"text-editor.default\">\n\t\t\t\t<div class=\"elementor-widget-container\">\n\t\t\t\t\t\t\t\t\t<p class=\"post-type2-main-title\">Richtlinien f\u00fcr unsere digitale Visitenkarte<\/p>\t\t\t\t\t\t\t\t<\/div>\n\t\t\t\t<\/div>\n\t\t\t\t<\/div>\n\t\t\t\t\t<\/div>\n\t\t\t\t<\/div>\n\t\t<div class=\"elementor-element elementor-element-e59b389 e-flex e-con-boxed e-con e-parent\" data-id=\"e59b389\" data-element_type=\"container\">\n\t\t\t\t\t<div class=\"e-con-inner\">\n\t\t<div class=\"elementor-element elementor-element-056b18f e-con-full e-flex e-con e-child\" data-id=\"056b18f\" data-element_type=\"container\" data-settings=\"{&quot;background_background&quot;:&quot;classic&quot;}\">\n\t\t<div class=\"elementor-element elementor-element-a978e29 e-con-full e-flex e-con e-child\" data-id=\"a978e29\" data-element_type=\"container\">\n\t\t\t\t<div class=\"elementor-element elementor-element-4dbd4dc elementor-widget elementor-widget-image\" data-id=\"4dbd4dc\" data-element_type=\"widget\" data-widget_type=\"image.default\">\n\t\t\t\t<div class=\"elementor-widget-container\">\n\t\t\t\t\t\t\t\t\t\t\t\t\t\t\t<img fetchpriority=\"high\" decoding=\"async\" width=\"570\" height=\"500\" src=\"https:\/\/nfcvisitcard.com\/wp-content\/uploads\/2024\/07\/1-1.jpg\" class=\"attachment-large size-large wp-image-438\" alt=\"DigiVCard mobile app download screen with QR code, available on the App Store and Google Play for smart networking and digital business card management.\" srcset=\"https:\/\/nfcvisitcard.com\/wp-content\/uploads\/2024\/07\/1-1.jpg 570w, https:\/\/nfcvisitcard.com\/wp-content\/uploads\/2024\/07\/1-1-300x263.jpg 300w\" sizes=\"(max-width: 570px) 100vw, 570px\" \/>\t\t\t\t\t\t\t\t\t\t\t\t\t\t\t<\/div>\n\t\t\t\t<\/div>\n\t\t\t\t<\/div>\n\t\t<div class=\"elementor-element elementor-element-15ac6fe e-con-full e-flex e-con e-child\" data-id=\"15ac6fe\" data-element_type=\"container\">\n\t\t\t\t<div class=\"elementor-element elementor-element-9b0a5b8 elementor-widget elementor-widget-heading\" data-id=\"9b0a5b8\" data-element_type=\"widget\" data-widget_type=\"heading.default\">\n\t\t\t\t<div class=\"elementor-widget-container\">\n\t\t\t\t\t<h2 class=\"elementor-heading-title elementor-size-default\">Finde die App<\/h2>\t\t\t\t<\/div>\n\t\t\t\t<\/div>\n\t\t\t\t<div class=\"elementor-element elementor-element-29355b4 elementor-widget elementor-widget-text-editor\" data-id=\"29355b4\" data-element_type=\"widget\" data-widget_type=\"text-editor.default\">\n\t\t\t\t<div class=\"elementor-widget-container\">\n\t\t\t\t\t\t\t\t\t<p>Laden Sie die DigiVCard-App ganz einfach \u00fcber die unten angegebenen Links herunter oder scannen Sie den QR-Code in diesem Handbuch. Diese Links f\u00fchren Sie direkt zur DigiVCard-App, mit der Sie Ihren Bedarf an digitalen Visitenkarten m\u00fchelos verwalten k\u00f6nnen. Mit DigiVCard k\u00f6nnen Sie Ihre digitale Visitenkarte ganz einfach erstellen, freigeben und aktualisieren und so nahtlose Networking-Erlebnisse erm\u00f6glichen.<\/p>\t\t\t\t\t\t\t\t<\/div>\n\t\t\t\t<\/div>\n\t\t\t\t<div class=\"elementor-element elementor-element-8cabb87 elementor-widget elementor-widget-text-editor\" data-id=\"8cabb87\" data-element_type=\"widget\" data-widget_type=\"text-editor.default\">\n\t\t\t\t<div class=\"elementor-widget-container\">\n\t\t\t\t\t\t\t\t\t<p>For Android users, simply click on the following link:<span style=\"color: #ff6600;\"><a style=\"color: #ff6600;\" href=\"https:\/\/play.google.com\/store\/apps\/details?id=com.peaktowertech.digivcard&amp;pcampaignid=web_share\">[Google Play Store] <\/a><\/span>If you\u2019re an iOS user, navigate to:<span style=\"color: #ff6600;\"><a href=\"https:\/\/apps.apple.com\/at\/app\/digivcard\/id6450741806?l=en-GB\"><span style=\"color: #ff6600;\">[App Store]<\/span><\/a>.<\/span><\/p>\t\t\t\t\t\t\t\t<\/div>\n\t\t\t\t<\/div>\n\t\t\t\t<\/div>\n\t\t\t\t<\/div>\n\t\t<div class=\"elementor-element elementor-element-fd30b8b e-con-full e-flex e-con e-child\" data-id=\"fd30b8b\" data-element_type=\"container\" data-settings=\"{&quot;background_background&quot;:&quot;classic&quot;}\">\n\t\t<div class=\"elementor-element elementor-element-561c884 e-con-full e-flex e-con e-child\" data-id=\"561c884\" data-element_type=\"container\">\n\t\t\t\t<div class=\"elementor-element elementor-element-a2b7921 elementor-widget elementor-widget-heading\" data-id=\"a2b7921\" data-element_type=\"widget\" data-widget_type=\"heading.default\">\n\t\t\t\t<div class=\"elementor-widget-container\">\n\t\t\t\t\t<h2 class=\"elementor-heading-title elementor-size-default\">Erstellen Sie ein Konto oder melden Sie sich bei Ihrem Konto an:<\/h2>\t\t\t\t<\/div>\n\t\t\t\t<\/div>\n\t\t\t\t<div class=\"elementor-element elementor-element-6e181d3 elementor-widget elementor-widget-text-editor\" data-id=\"6e181d3\" data-element_type=\"widget\" data-widget_type=\"text-editor.default\">\n\t\t\t\t<div class=\"elementor-widget-container\">\n\t\t\t\t\t\t\t\t\t<p>Egal, ob Sie neu bei DigiVCard sind oder bereits Teil unserer Community, wir freuen uns, Sie an Bord zu haben! Wenn Sie neu sind, herzlich willkommen an Bord! Die Erstellung Ihres DigiVCard-Kontos ist schnell und einfach \u2013 geben Sie einfach Ihre Daten ein, um loszulegen. Sie haben bereits ein Konto bei uns? Fantastisch! Melden Sie sich einfach mit Ihren bestehenden Anmeldedaten an. Egal, ob Sie ein neues Konto erstellen oder sich anmelden, DigiVCard bietet Ihnen eine nahtlose Erfahrung zur effektiven Verwaltung Ihrer digitalen Visitenkarten.<\/p>\t\t\t\t\t\t\t\t<\/div>\n\t\t\t\t<\/div>\n\t\t\t\t<\/div>\n\t\t<div class=\"elementor-element elementor-element-d3d5fa3 e-con-full e-flex e-con e-child\" data-id=\"d3d5fa3\" data-element_type=\"container\">\n\t\t\t\t<div class=\"elementor-element elementor-element-e5dc9eb elementor-widget elementor-widget-image\" data-id=\"e5dc9eb\" data-element_type=\"widget\" data-widget_type=\"image.default\">\n\t\t\t\t<div class=\"elementor-widget-container\">\n\t\t\t\t\t\t\t\t\t\t\t\t\t\t\t<img decoding=\"async\" width=\"570\" height=\"500\" src=\"https:\/\/nfcvisitcard.com\/wp-content\/uploads\/2024\/07\/2-1.jpg\" class=\"attachment-large size-large wp-image-451\" alt=\"Sign-up screen for DigiVCard, enabling users to create an account for smart networking and digital business card management.\" srcset=\"https:\/\/nfcvisitcard.com\/wp-content\/uploads\/2024\/07\/2-1.jpg 570w, https:\/\/nfcvisitcard.com\/wp-content\/uploads\/2024\/07\/2-1-300x263.jpg 300w\" sizes=\"(max-width: 570px) 100vw, 570px\" \/>\t\t\t\t\t\t\t\t\t\t\t\t\t\t\t<\/div>\n\t\t\t\t<\/div>\n\t\t\t\t<\/div>\n\t\t\t\t<\/div>\n\t\t<div class=\"elementor-element elementor-element-79f1b49 e-con-full e-flex e-con e-child\" data-id=\"79f1b49\" data-element_type=\"container\" data-settings=\"{&quot;background_background&quot;:&quot;classic&quot;}\">\n\t\t<div class=\"elementor-element elementor-element-0753773 e-con-full e-flex e-con e-child\" data-id=\"0753773\" data-element_type=\"container\">\n\t\t\t\t<div class=\"elementor-element elementor-element-5b7bf44 elementor-widget elementor-widget-image\" data-id=\"5b7bf44\" data-element_type=\"widget\" data-widget_type=\"image.default\">\n\t\t\t\t<div class=\"elementor-widget-container\">\n\t\t\t\t\t\t\t\t\t\t\t\t\t\t\t<img decoding=\"async\" width=\"570\" height=\"500\" src=\"https:\/\/nfcvisitcard.com\/wp-content\/uploads\/2024\/07\/3-1.jpg\" class=\"attachment-large size-large wp-image-452\" alt=\"Step-by-step guide showing how to connect NFC tags to a DigiVCard digital business card for seamless tap-to-connect networking.\" srcset=\"https:\/\/nfcvisitcard.com\/wp-content\/uploads\/2024\/07\/3-1.jpg 570w, https:\/\/nfcvisitcard.com\/wp-content\/uploads\/2024\/07\/3-1-300x263.jpg 300w\" sizes=\"(max-width: 570px) 100vw, 570px\" \/>\t\t\t\t\t\t\t\t\t\t\t\t\t\t\t<\/div>\n\t\t\t\t<\/div>\n\t\t\t\t<\/div>\n\t\t<div class=\"elementor-element elementor-element-8e4457a e-con-full e-flex e-con e-child\" data-id=\"8e4457a\" data-element_type=\"container\">\n\t\t\t\t<div class=\"elementor-element elementor-element-51b3250 elementor-widget elementor-widget-heading\" data-id=\"51b3250\" data-element_type=\"widget\" data-widget_type=\"heading.default\">\n\t\t\t\t<div class=\"elementor-widget-container\">\n\t\t\t\t\t<h2 class=\"elementor-heading-title elementor-size-default\">Aktivieren Sie Ihr NFC-Produkt<\/h2>\t\t\t\t<\/div>\n\t\t\t\t<\/div>\n\t\t\t\t<div class=\"elementor-element elementor-element-2ab33fe elementor-widget elementor-widget-text-editor\" data-id=\"2ab33fe\" data-element_type=\"widget\" data-widget_type=\"text-editor.default\">\n\t\t\t\t<div class=\"elementor-widget-container\">\n\t\t\t\t\t\t\t\t\t<p>Sind Sie bereit, die Leistungsf\u00e4higkeit von NFC mit Ihrer DigiVCard zu entfesseln? So legen Sie los: Navigieren Sie einfach zum Einstellungsbereich der DigiVCard-App und w\u00e4hlen Sie \u201eTag hinzuf\u00fcgen\u201c. Folgen Sie dort den Anweisungen, um Ihre DigiVCard nahtlos mit Ihrem NFC-f\u00e4higen Ger\u00e4t oder Zubeh\u00f6r zu verkn\u00fcpfen. Dieser Vorgang stellt sicher, dass Ihre digitale Visitenkarte f\u00fcr andere mit nur einem Fingertipp auf ihr NFC-f\u00e4higes Ger\u00e4t leicht zug\u00e4nglich ist. Indem Sie Ihr NFC-Produkt \u00fcber DigiVCard aktivieren,<\/p>\t\t\t\t\t\t\t\t<\/div>\n\t\t\t\t<\/div>\n\t\t\t\t<\/div>\n\t\t\t\t<\/div>\n\t\t<div class=\"elementor-element elementor-element-6db5d42 e-con-full e-flex e-con e-child\" data-id=\"6db5d42\" data-element_type=\"container\" data-settings=\"{&quot;background_background&quot;:&quot;classic&quot;}\">\n\t\t<div class=\"elementor-element elementor-element-210db4c e-con-full e-flex e-con e-child\" data-id=\"210db4c\" data-element_type=\"container\">\n\t\t\t\t<div class=\"elementor-element elementor-element-128e12b elementor-widget elementor-widget-heading\" data-id=\"128e12b\" data-element_type=\"widget\" data-widget_type=\"heading.default\">\n\t\t\t\t<div class=\"elementor-widget-container\">\n\t\t\t\t\t<h2 class=\"elementor-heading-title elementor-size-default\">Aktivieren Sie Ihr Produkt<\/h2>\t\t\t\t<\/div>\n\t\t\t\t<\/div>\n\t\t\t\t<div class=\"elementor-element elementor-element-2f41783 elementor-widget elementor-widget-text-editor\" data-id=\"2f41783\" data-element_type=\"widget\" data-widget_type=\"text-editor.default\">\n\t\t\t\t<div class=\"elementor-widget-container\">\n\t\t\t\t\t\t\t\t\t<p>Die Aktivierung Ihres DigiVCard NFC-Produkts ist der letzte Schritt zu einem nahtlosen Netzwerkerlebnis. Suchen Sie zun\u00e4chst den Aktivierungscode-Aufkleber, den Sie auf der Verpackung Ihres Produkts finden. Dieser Aufkleber ist wichtig, da er einen einzigartigen Code enth\u00e4lt, der speziell an Ihr NFC-Produkt gebunden ist und f\u00fcr den Aktivierungsprozess erforderlich ist. \u00d6ffnen Sie die DigiVCard-App, scannen Sie den Code oder geben Sie ihn manuell ein und schlie\u00dfen Sie die Einrichtung ab, um Ihr NFC-Produkt verwenden zu k\u00f6nnen.<\/p>\t\t\t\t\t\t\t\t<\/div>\n\t\t\t\t<\/div>\n\t\t\t\t<\/div>\n\t\t<div class=\"elementor-element elementor-element-7806128 e-con-full e-flex e-con e-child\" data-id=\"7806128\" data-element_type=\"container\">\n\t\t\t\t<div class=\"elementor-element elementor-element-9f95687 elementor-widget elementor-widget-image\" data-id=\"9f95687\" data-element_type=\"widget\" data-widget_type=\"image.default\">\n\t\t\t\t<div class=\"elementor-widget-container\">\n\t\t\t\t\t\t\t\t\t\t\t\t\t\t\t<img loading=\"lazy\" decoding=\"async\" width=\"570\" height=\"500\" src=\"https:\/\/nfcvisitcard.com\/wp-content\/uploads\/2024\/07\/tag41.jpg\" class=\"attachment-large size-large wp-image-467\" alt=\"DigiVCard NFC sticker enabling tap-to-connect digital business card sharing with Google Wallet and Apple Wallet integration.\" srcset=\"https:\/\/nfcvisitcard.com\/wp-content\/uploads\/2024\/07\/tag41.jpg 570w, https:\/\/nfcvisitcard.com\/wp-content\/uploads\/2024\/07\/tag41-300x263.jpg 300w\" sizes=\"(max-width: 570px) 100vw, 570px\" \/>\t\t\t\t\t\t\t\t\t\t\t\t\t\t\t<\/div>\n\t\t\t\t<\/div>\n\t\t\t\t<\/div>\n\t\t\t\t<\/div>\n\t\t<div class=\"elementor-element elementor-element-ca1790b e-con-full e-flex e-con e-child\" data-id=\"ca1790b\" data-element_type=\"container\" data-settings=\"{&quot;background_background&quot;:&quot;classic&quot;}\">\n\t\t<div class=\"elementor-element elementor-element-caeb653 e-con-full e-flex e-con e-child\" data-id=\"caeb653\" data-element_type=\"container\">\n\t\t\t\t<div class=\"elementor-element elementor-element-b274536 elementor-widget elementor-widget-image\" data-id=\"b274536\" data-element_type=\"widget\" data-widget_type=\"image.default\">\n\t\t\t\t<div class=\"elementor-widget-container\">\n\t\t\t\t\t\t\t\t\t\t\t\t\t\t\t<img loading=\"lazy\" decoding=\"async\" width=\"570\" height=\"500\" src=\"https:\/\/nfcvisitcard.com\/wp-content\/uploads\/2024\/07\/tag5.jpg\" class=\"attachment-large size-large wp-image-468\" alt=\"DigiVCard NFC sticker attached to a smartphone, enabling tap-to-connect digital business card sharing.\" srcset=\"https:\/\/nfcvisitcard.com\/wp-content\/uploads\/2024\/07\/tag5.jpg 570w, https:\/\/nfcvisitcard.com\/wp-content\/uploads\/2024\/07\/tag5-300x263.jpg 300w\" sizes=\"(max-width: 570px) 100vw, 570px\" \/>\t\t\t\t\t\t\t\t\t\t\t\t\t\t\t<\/div>\n\t\t\t\t<\/div>\n\t\t\t\t<\/div>\n\t\t<div class=\"elementor-element elementor-element-9fb99fc e-con-full e-flex e-con e-child\" data-id=\"9fb99fc\" data-element_type=\"container\">\n\t\t\t\t<div class=\"elementor-element elementor-element-00ff805 elementor-widget elementor-widget-heading\" data-id=\"00ff805\" data-element_type=\"widget\" data-widget_type=\"heading.default\">\n\t\t\t\t<div class=\"elementor-widget-container\">\n\t\t\t\t\t<h2 class=\"elementor-heading-title elementor-size-default\">Informationen teilen<\/h2>\t\t\t\t<\/div>\n\t\t\t\t<\/div>\n\t\t\t\t<div class=\"elementor-element elementor-element-85e5e23 elementor-widget elementor-widget-text-editor\" data-id=\"85e5e23\" data-element_type=\"widget\" data-widget_type=\"text-editor.default\">\n\t\t\t\t<div class=\"elementor-widget-container\">\n\t\t\t\t\t\t\t\t\t<p>DigiVCard-Profile sind vollst\u00e4ndig anpassbar und bieten dynamische Inhalte, die die Interaktion mit Ihren Kontakten verbessern. Machen Sie jede Interaktion mit DigiVCard unvergesslich.<\/p>\t\t\t\t\t\t\t\t<\/div>\n\t\t\t\t<\/div>\n\t\t\t\t<\/div>\n\t\t\t\t<\/div>\n\t\t\t\t\t<\/div>\n\t\t\t\t<\/div>\n\t\t\t\t<\/div>\n\t\t","protected":false},"excerpt":{"rendered":"<p>Schlagworte Danke, dass Sie sich f\u00fcr DigiVCard entschieden haben! Richtlinien f\u00fcr unsere digitale Visitenkarte Finde die App Laden Sie die DigiVCard-App ganz einfach \u00fcber die unten angegebenen Links herunter oder scannen Sie den QR-Code in diesem Handbuch. Diese Links f\u00fchren Sie direkt zur DigiVCard-App, mit der Sie Ihren Bedarf an digitalen Visitenkarten m\u00fchelos verwalten k\u00f6nnen. [&hellip;]<\/p>\n","protected":false},"author":2,"featured_media":0,"parent":1046,"menu_order":0,"comment_status":"closed","ping_status":"closed","template":"elementor_header_footer","meta":{"footnotes":""},"class_list":["post-1069","page","type-page","status-publish","hentry"],"_links":{"self":[{"href":"https:\/\/nfcvisitcard.com\/de\/wp-json\/wp\/v2\/pages\/1069","targetHints":{"allow":["GET"]}}],"collection":[{"href":"https:\/\/nfcvisitcard.com\/de\/wp-json\/wp\/v2\/pages"}],"about":[{"href":"https:\/\/nfcvisitcard.com\/de\/wp-json\/wp\/v2\/types\/page"}],"author":[{"embeddable":true,"href":"https:\/\/nfcvisitcard.com\/de\/wp-json\/wp\/v2\/users\/2"}],"replies":[{"embeddable":true,"href":"https:\/\/nfcvisitcard.com\/de\/wp-json\/wp\/v2\/comments?post=1069"}],"version-history":[{"count":0,"href":"https:\/\/nfcvisitcard.com\/de\/wp-json\/wp\/v2\/pages\/1069\/revisions"}],"up":[{"embeddable":true,"href":"https:\/\/nfcvisitcard.com\/de\/wp-json\/wp\/v2\/pages\/1046"}],"wp:attachment":[{"href":"https:\/\/nfcvisitcard.com\/de\/wp-json\/wp\/v2\/media?parent=1069"}],"curies":[{"name":"wp","href":"https:\/\/api.w.org\/{rel}","templated":true}]}}