{"id":1062,"date":"2024-07-06T14:32:10","date_gmt":"2024-07-06T14:32:10","guid":{"rendered":"https:\/\/digivcard.io\/anweisung\/nagel\/"},"modified":"2025-01-19T15:05:24","modified_gmt":"2025-01-19T15:05:24","slug":"nagel","status":"publish","type":"page","link":"https:\/\/nfcvisitcard.com\/de\/anweisung\/nagel\/","title":{"rendered":"N\u00e4gel"},"content":{"rendered":"\t\t<div data-elementor-type=\"wp-page\" data-elementor-id=\"1062\" class=\"elementor elementor-1062\" data-elementor-post-type=\"page\">\n\t\t\t\t<div class=\"elementor-element elementor-element-db6ee54 e-flex e-con-boxed e-con e-parent\" data-id=\"db6ee54\" data-element_type=\"container\">\n\t\t\t\t\t<div class=\"e-con-inner\">\n\t\t\t\t<div class=\"elementor-element elementor-element-aa475c4 elementor-widget elementor-widget-heading\" data-id=\"aa475c4\" data-element_type=\"widget\" data-widget_type=\"heading.default\">\n\t\t\t\t<div class=\"elementor-widget-container\">\n\t\t\t\t\t<h1 class=\"elementor-heading-title elementor-size-default\">N\u00e4gel<\/h1>\t\t\t\t<\/div>\n\t\t\t\t<\/div>\n\t\t\t\t<div class=\"elementor-element elementor-element-310dc28 elementor-widget elementor-widget-text-editor\" data-id=\"310dc28\" data-element_type=\"widget\" data-widget_type=\"text-editor.default\">\n\t\t\t\t<div class=\"elementor-widget-container\">\n\t\t\t\t\t\t\t\t\t<p class=\"elementor-heading-title elementor-size-default\">Danke, dass Sie sich f\u00fcr DigiVCard entschieden haben!<\/p>\t\t\t\t\t\t\t\t<\/div>\n\t\t\t\t<\/div>\n\t\t<div class=\"elementor-element elementor-element-0682013 e-con-full e-flex e-con e-child\" data-id=\"0682013\" data-element_type=\"container\" data-settings=\"{&quot;background_background&quot;:&quot;classic&quot;}\">\n\t\t\t\t<div class=\"elementor-element elementor-element-180a165 elementor-widget elementor-widget-text-editor\" data-id=\"180a165\" data-element_type=\"widget\" data-widget_type=\"text-editor.default\">\n\t\t\t\t<div class=\"elementor-widget-container\">\n\t\t\t\t\t\t\t\t\t<p class=\"post-type2-main-title\">Richtlinien f\u00fcr unsere digitale Visitenkarte<\/p>\t\t\t\t\t\t\t\t<\/div>\n\t\t\t\t<\/div>\n\t\t\t\t<\/div>\n\t\t\t\t\t<\/div>\n\t\t\t\t<\/div>\n\t\t<div class=\"elementor-element elementor-element-0482473 e-flex e-con-boxed e-con e-parent\" data-id=\"0482473\" data-element_type=\"container\">\n\t\t\t\t\t<div class=\"e-con-inner\">\n\t\t<div class=\"elementor-element elementor-element-675005c e-con-full e-flex e-con e-child\" data-id=\"675005c\" data-element_type=\"container\" data-settings=\"{&quot;background_background&quot;:&quot;classic&quot;}\">\n\t\t<div class=\"elementor-element elementor-element-8bfb6dd e-con-full e-flex e-con e-child\" data-id=\"8bfb6dd\" data-element_type=\"container\">\n\t\t\t\t<div class=\"elementor-element elementor-element-bfd13aa elementor-widget elementor-widget-image\" data-id=\"bfd13aa\" data-element_type=\"widget\" data-widget_type=\"image.default\">\n\t\t\t\t<div class=\"elementor-widget-container\">\n\t\t\t\t\t\t\t\t\t\t\t\t\t\t\t<img fetchpriority=\"high\" decoding=\"async\" width=\"570\" height=\"500\" src=\"https:\/\/nfcvisitcard.com\/wp-content\/uploads\/2024\/07\/1-1.jpg\" class=\"attachment-large size-large wp-image-438\" alt=\"DigiVCard mobile app download screen with QR code, available on the App Store and Google Play for smart networking and digital business card management.\" srcset=\"https:\/\/nfcvisitcard.com\/wp-content\/uploads\/2024\/07\/1-1.jpg 570w, https:\/\/nfcvisitcard.com\/wp-content\/uploads\/2024\/07\/1-1-300x263.jpg 300w\" sizes=\"(max-width: 570px) 100vw, 570px\" \/>\t\t\t\t\t\t\t\t\t\t\t\t\t\t\t<\/div>\n\t\t\t\t<\/div>\n\t\t\t\t<\/div>\n\t\t<div class=\"elementor-element elementor-element-bc48831 e-con-full e-flex e-con e-child\" data-id=\"bc48831\" data-element_type=\"container\">\n\t\t\t\t<div class=\"elementor-element elementor-element-ec68d7d elementor-widget elementor-widget-heading\" data-id=\"ec68d7d\" data-element_type=\"widget\" data-widget_type=\"heading.default\">\n\t\t\t\t<div class=\"elementor-widget-container\">\n\t\t\t\t\t<h2 class=\"elementor-heading-title elementor-size-default\">Finde die App<\/h2>\t\t\t\t<\/div>\n\t\t\t\t<\/div>\n\t\t\t\t<div class=\"elementor-element elementor-element-34e97ec elementor-widget elementor-widget-text-editor\" data-id=\"34e97ec\" data-element_type=\"widget\" data-widget_type=\"text-editor.default\">\n\t\t\t\t<div class=\"elementor-widget-container\">\n\t\t\t\t\t\t\t\t\t<p>Laden Sie die DigiVCard-App ganz einfach \u00fcber die unten angegebenen Links herunter oder scannen Sie den QR-Code in diesem Handbuch. Diese Links f\u00fchren Sie direkt zur DigiVCard-App, mit der Sie Ihren Bedarf an digitalen Visitenkarten m\u00fchelos verwalten k\u00f6nnen. Mit DigiVCard k\u00f6nnen Sie Ihre digitale Visitenkarte ganz einfach erstellen, freigeben und aktualisieren und so nahtlose Networking-Erlebnisse erm\u00f6glichen.<\/p>\t\t\t\t\t\t\t\t<\/div>\n\t\t\t\t<\/div>\n\t\t\t\t<div class=\"elementor-element elementor-element-3f0fd1c elementor-widget elementor-widget-text-editor\" data-id=\"3f0fd1c\" data-element_type=\"widget\" data-widget_type=\"text-editor.default\">\n\t\t\t\t<div class=\"elementor-widget-container\">\n\t\t\t\t\t\t\t\t\t<p>Android-Nutzer klicken einfach auf den folgenden Link: <span style=\"color: #ff6600;\"><a style=\"color: #ff6600;\" href=\"https:\/\/play.google.com\/store\/apps\/details?id=com.peaktowertech.digivcard&amp;pcampaignid=web_share\">[Google Play Store]<\/a><\/span> Wenn Sie ein iOS-Benutzer sind, navigieren Sie zu: <span style=\"color: #ff6600;\"><a href=\"https:\/\/apps.apple.com\/at\/app\/digivcard\/id6450741806?l=en-GB\"><span style=\"color: #ff6600;\">[App Store]<\/span><\/a> .<\/span><\/p>\t\t\t\t\t\t\t\t<\/div>\n\t\t\t\t<\/div>\n\t\t\t\t<\/div>\n\t\t\t\t<\/div>\n\t\t<div class=\"elementor-element elementor-element-759d38f e-con-full e-flex e-con e-child\" data-id=\"759d38f\" data-element_type=\"container\" data-settings=\"{&quot;background_background&quot;:&quot;classic&quot;}\">\n\t\t<div class=\"elementor-element elementor-element-42cb741 e-con-full e-flex e-con e-child\" data-id=\"42cb741\" data-element_type=\"container\">\n\t\t\t\t<div class=\"elementor-element elementor-element-1eccc65 elementor-widget elementor-widget-heading\" data-id=\"1eccc65\" data-element_type=\"widget\" data-widget_type=\"heading.default\">\n\t\t\t\t<div class=\"elementor-widget-container\">\n\t\t\t\t\t<h2 class=\"elementor-heading-title elementor-size-default\">Erstellen Sie ein Konto oder melden Sie sich bei Ihrem Konto an:<\/h2>\t\t\t\t<\/div>\n\t\t\t\t<\/div>\n\t\t\t\t<div class=\"elementor-element elementor-element-5c79fc0 elementor-widget elementor-widget-text-editor\" data-id=\"5c79fc0\" data-element_type=\"widget\" data-widget_type=\"text-editor.default\">\n\t\t\t\t<div class=\"elementor-widget-container\">\n\t\t\t\t\t\t\t\t\t<p>Egal, ob Sie neu bei DigiVCard sind oder bereits Teil unserer Community, wir freuen uns, Sie an Bord zu haben! Wenn Sie neu sind, herzlich willkommen an Bord! Die Erstellung Ihres DigiVCard-Kontos ist schnell und einfach \u2013 geben Sie einfach Ihre Daten ein, um loszulegen. Sie haben bereits ein Konto bei uns? Fantastisch! Melden Sie sich einfach mit Ihren bestehenden Anmeldedaten an. Egal, ob Sie ein neues Konto erstellen oder sich anmelden, DigiVCard bietet Ihnen eine nahtlose Erfahrung zur effektiven Verwaltung Ihrer digitalen Visitenkarten.<\/p>\t\t\t\t\t\t\t\t<\/div>\n\t\t\t\t<\/div>\n\t\t\t\t<\/div>\n\t\t<div class=\"elementor-element elementor-element-6722524 e-con-full e-flex e-con e-child\" data-id=\"6722524\" data-element_type=\"container\">\n\t\t\t\t<div class=\"elementor-element elementor-element-91566f5 elementor-widget elementor-widget-image\" data-id=\"91566f5\" data-element_type=\"widget\" data-widget_type=\"image.default\">\n\t\t\t\t<div class=\"elementor-widget-container\">\n\t\t\t\t\t\t\t\t\t\t\t\t\t\t\t<img decoding=\"async\" width=\"570\" height=\"500\" src=\"https:\/\/nfcvisitcard.com\/wp-content\/uploads\/2024\/07\/2-1.jpg\" class=\"attachment-large size-large wp-image-451\" alt=\"Sign-up screen for DigiVCard, enabling users to create an account for smart networking and digital business card management.\" srcset=\"https:\/\/nfcvisitcard.com\/wp-content\/uploads\/2024\/07\/2-1.jpg 570w, https:\/\/nfcvisitcard.com\/wp-content\/uploads\/2024\/07\/2-1-300x263.jpg 300w\" sizes=\"(max-width: 570px) 100vw, 570px\" \/>\t\t\t\t\t\t\t\t\t\t\t\t\t\t\t<\/div>\n\t\t\t\t<\/div>\n\t\t\t\t<\/div>\n\t\t\t\t<\/div>\n\t\t<div class=\"elementor-element elementor-element-d4b41e4 e-con-full e-flex e-con e-child\" data-id=\"d4b41e4\" data-element_type=\"container\" data-settings=\"{&quot;background_background&quot;:&quot;classic&quot;}\">\n\t\t<div class=\"elementor-element elementor-element-8f04e19 e-con-full e-flex e-con e-child\" data-id=\"8f04e19\" data-element_type=\"container\">\n\t\t\t\t<div class=\"elementor-element elementor-element-29e92ee elementor-widget elementor-widget-image\" data-id=\"29e92ee\" data-element_type=\"widget\" data-widget_type=\"image.default\">\n\t\t\t\t<div class=\"elementor-widget-container\">\n\t\t\t\t\t\t\t\t\t\t\t\t\t\t\t<img decoding=\"async\" width=\"570\" height=\"500\" src=\"https:\/\/nfcvisitcard.com\/wp-content\/uploads\/2024\/07\/3-1.jpg\" class=\"attachment-large size-large wp-image-452\" alt=\"Step-by-step guide showing how to connect NFC tags to a DigiVCard digital business card for seamless tap-to-connect networking.\" srcset=\"https:\/\/nfcvisitcard.com\/wp-content\/uploads\/2024\/07\/3-1.jpg 570w, https:\/\/nfcvisitcard.com\/wp-content\/uploads\/2024\/07\/3-1-300x263.jpg 300w\" sizes=\"(max-width: 570px) 100vw, 570px\" \/>\t\t\t\t\t\t\t\t\t\t\t\t\t\t\t<\/div>\n\t\t\t\t<\/div>\n\t\t\t\t<\/div>\n\t\t<div class=\"elementor-element elementor-element-b09bb42 e-con-full e-flex e-con e-child\" data-id=\"b09bb42\" data-element_type=\"container\">\n\t\t\t\t<div class=\"elementor-element elementor-element-2040237 elementor-widget elementor-widget-heading\" data-id=\"2040237\" data-element_type=\"widget\" data-widget_type=\"heading.default\">\n\t\t\t\t<div class=\"elementor-widget-container\">\n\t\t\t\t\t<h2 class=\"elementor-heading-title elementor-size-default\">Aktivieren Sie Ihr NFC-Produkt<\/h2>\t\t\t\t<\/div>\n\t\t\t\t<\/div>\n\t\t\t\t<div class=\"elementor-element elementor-element-d3abc88 elementor-widget elementor-widget-text-editor\" data-id=\"d3abc88\" data-element_type=\"widget\" data-widget_type=\"text-editor.default\">\n\t\t\t\t<div class=\"elementor-widget-container\">\n\t\t\t\t\t\t\t\t\t<p>Sind Sie bereit, die Leistungsf\u00e4higkeit von NFC mit Ihrer DigiVCard zu entfesseln? So legen Sie los: Navigieren Sie einfach zum Einstellungsbereich der DigiVCard-App und w\u00e4hlen Sie \u201eTag hinzuf\u00fcgen\u201c. Folgen Sie dort den Anweisungen, um Ihre DigiVCard nahtlos mit Ihrem NFC-f\u00e4higen Ger\u00e4t oder Zubeh\u00f6r zu verkn\u00fcpfen. Dieser Vorgang stellt sicher, dass Ihre digitale Visitenkarte f\u00fcr andere mit nur einem Fingertipp auf ihr NFC-f\u00e4higes Ger\u00e4t leicht zug\u00e4nglich ist. Indem Sie Ihr NFC-Produkt \u00fcber DigiVCard aktivieren,<\/p>\t\t\t\t\t\t\t\t<\/div>\n\t\t\t\t<\/div>\n\t\t\t\t<\/div>\n\t\t\t\t<\/div>\n\t\t<div class=\"elementor-element elementor-element-9ce3c4d e-con-full e-flex e-con e-child\" data-id=\"9ce3c4d\" data-element_type=\"container\" data-settings=\"{&quot;background_background&quot;:&quot;classic&quot;}\">\n\t\t<div class=\"elementor-element elementor-element-3fe464e e-con-full e-flex e-con e-child\" data-id=\"3fe464e\" data-element_type=\"container\">\n\t\t\t\t<div class=\"elementor-element elementor-element-b511082 elementor-widget elementor-widget-heading\" data-id=\"b511082\" data-element_type=\"widget\" data-widget_type=\"heading.default\">\n\t\t\t\t<div class=\"elementor-widget-container\">\n\t\t\t\t\t<h2 class=\"elementor-heading-title elementor-size-default\">Aktivieren Sie Ihr Produkt<\/h2>\t\t\t\t<\/div>\n\t\t\t\t<\/div>\n\t\t\t\t<div class=\"elementor-element elementor-element-c329d89 elementor-widget elementor-widget-text-editor\" data-id=\"c329d89\" data-element_type=\"widget\" data-widget_type=\"text-editor.default\">\n\t\t\t\t<div class=\"elementor-widget-container\">\n\t\t\t\t\t\t\t\t\t<p>Die Aktivierung Ihres DigiVCard NFC-Produkts ist der letzte Schritt zu einem nahtlosen Netzwerkerlebnis. Suchen Sie zun\u00e4chst den Aktivierungscode-Aufkleber, den Sie auf der Verpackung Ihres Produkts finden. Dieser Aufkleber ist wichtig, da er einen einzigartigen Code enth\u00e4lt, der speziell an Ihr NFC-Produkt gebunden ist und f\u00fcr den Aktivierungsprozess erforderlich ist. \u00d6ffnen Sie die DigiVCard-App, scannen Sie den Code oder geben Sie ihn manuell ein und schlie\u00dfen Sie die Einrichtung ab, um Ihr NFC-Produkt verwenden zu k\u00f6nnen.<\/p>\t\t\t\t\t\t\t\t<\/div>\n\t\t\t\t<\/div>\n\t\t\t\t<\/div>\n\t\t<div class=\"elementor-element elementor-element-18df7cd e-con-full e-flex e-con e-child\" data-id=\"18df7cd\" data-element_type=\"container\">\n\t\t\t\t<div class=\"elementor-element elementor-element-88fdeca elementor-widget elementor-widget-image\" data-id=\"88fdeca\" data-element_type=\"widget\" data-widget_type=\"image.default\">\n\t\t\t\t<div class=\"elementor-widget-container\">\n\t\t\t\t\t\t\t\t\t\t\t\t\t\t\t<img loading=\"lazy\" decoding=\"async\" width=\"570\" height=\"500\" src=\"https:\/\/nfcvisitcard.com\/wp-content\/uploads\/2024\/07\/nail4.jpg\" class=\"attachment-large size-large wp-image-461\" alt=\"DigiVCard NFC Smart Nail enabling tap-to-connect digital business card sharing with a smartphone.\" srcset=\"https:\/\/nfcvisitcard.com\/wp-content\/uploads\/2024\/07\/nail4.jpg 570w, https:\/\/nfcvisitcard.com\/wp-content\/uploads\/2024\/07\/nail4-300x263.jpg 300w\" sizes=\"(max-width: 570px) 100vw, 570px\" \/>\t\t\t\t\t\t\t\t\t\t\t\t\t\t\t<\/div>\n\t\t\t\t<\/div>\n\t\t\t\t<\/div>\n\t\t\t\t<\/div>\n\t\t<div class=\"elementor-element elementor-element-42aa45a e-con-full e-flex e-con e-child\" data-id=\"42aa45a\" data-element_type=\"container\" data-settings=\"{&quot;background_background&quot;:&quot;classic&quot;}\">\n\t\t<div class=\"elementor-element elementor-element-f908f26 e-con-full e-flex e-con e-child\" data-id=\"f908f26\" data-element_type=\"container\">\n\t\t\t\t<div class=\"elementor-element elementor-element-6982dcd elementor-widget elementor-widget-image\" data-id=\"6982dcd\" data-element_type=\"widget\" data-widget_type=\"image.default\">\n\t\t\t\t<div class=\"elementor-widget-container\">\n\t\t\t\t\t\t\t\t\t\t\t\t\t\t\t<img loading=\"lazy\" decoding=\"async\" width=\"570\" height=\"500\" src=\"https:\/\/nfcvisitcard.com\/wp-content\/uploads\/2024\/07\/nail5.jpg\" class=\"attachment-large size-large wp-image-462\" alt=\"DigiVCard NFC Smart Nail enabling tap-to-connect digital business card sharing with a smartphone.\" srcset=\"https:\/\/nfcvisitcard.com\/wp-content\/uploads\/2024\/07\/nail5.jpg 570w, https:\/\/nfcvisitcard.com\/wp-content\/uploads\/2024\/07\/nail5-300x263.jpg 300w\" sizes=\"(max-width: 570px) 100vw, 570px\" \/>\t\t\t\t\t\t\t\t\t\t\t\t\t\t\t<\/div>\n\t\t\t\t<\/div>\n\t\t\t\t<\/div>\n\t\t<div class=\"elementor-element elementor-element-0c4bdc9 e-con-full e-flex e-con e-child\" data-id=\"0c4bdc9\" data-element_type=\"container\">\n\t\t\t\t<div class=\"elementor-element elementor-element-96f421e elementor-widget elementor-widget-heading\" data-id=\"96f421e\" data-element_type=\"widget\" data-widget_type=\"heading.default\">\n\t\t\t\t<div class=\"elementor-widget-container\">\n\t\t\t\t\t<h2 class=\"elementor-heading-title elementor-size-default\">Informationen teilen<\/h2>\t\t\t\t<\/div>\n\t\t\t\t<\/div>\n\t\t\t\t<div class=\"elementor-element elementor-element-b837d44 elementor-widget elementor-widget-text-editor\" data-id=\"b837d44\" data-element_type=\"widget\" data-widget_type=\"text-editor.default\">\n\t\t\t\t<div class=\"elementor-widget-container\">\n\t\t\t\t\t\t\t\t\t<p>DigiVCard-Profile sind vollst\u00e4ndig anpassbar und bieten dynamische Inhalte, die die Interaktion mit Ihren Kontakten verbessern. Machen Sie jede Interaktion mit DigiVCard unvergesslich.<\/p>\t\t\t\t\t\t\t\t<\/div>\n\t\t\t\t<\/div>\n\t\t\t\t<\/div>\n\t\t\t\t<\/div>\n\t\t\t\t\t<\/div>\n\t\t\t\t<\/div>\n\t\t\t\t<\/div>\n\t\t","protected":false},"excerpt":{"rendered":"<p>N\u00e4gel Danke, dass Sie sich f\u00fcr DigiVCard entschieden haben! Richtlinien f\u00fcr unsere digitale Visitenkarte Finde die App Laden Sie die DigiVCard-App ganz einfach \u00fcber die unten angegebenen Links herunter oder scannen Sie den QR-Code in diesem Handbuch. Diese Links f\u00fchren Sie direkt zur DigiVCard-App, mit der Sie Ihren Bedarf an digitalen Visitenkarten m\u00fchelos verwalten k\u00f6nnen. [&hellip;]<\/p>\n","protected":false},"author":2,"featured_media":0,"parent":1046,"menu_order":0,"comment_status":"closed","ping_status":"closed","template":"elementor_header_footer","meta":{"footnotes":""},"class_list":["post-1062","page","type-page","status-publish","hentry"],"_links":{"self":[{"href":"https:\/\/nfcvisitcard.com\/de\/wp-json\/wp\/v2\/pages\/1062","targetHints":{"allow":["GET"]}}],"collection":[{"href":"https:\/\/nfcvisitcard.com\/de\/wp-json\/wp\/v2\/pages"}],"about":[{"href":"https:\/\/nfcvisitcard.com\/de\/wp-json\/wp\/v2\/types\/page"}],"author":[{"embeddable":true,"href":"https:\/\/nfcvisitcard.com\/de\/wp-json\/wp\/v2\/users\/2"}],"replies":[{"embeddable":true,"href":"https:\/\/nfcvisitcard.com\/de\/wp-json\/wp\/v2\/comments?post=1062"}],"version-history":[{"count":0,"href":"https:\/\/nfcvisitcard.com\/de\/wp-json\/wp\/v2\/pages\/1062\/revisions"}],"up":[{"embeddable":true,"href":"https:\/\/nfcvisitcard.com\/de\/wp-json\/wp\/v2\/pages\/1046"}],"wp:attachment":[{"href":"https:\/\/nfcvisitcard.com\/de\/wp-json\/wp\/v2\/media?parent=1062"}],"curies":[{"name":"wp","href":"https:\/\/api.w.org\/{rel}","templated":true}]}}