{"id":1055,"date":"2024-07-06T14:29:35","date_gmt":"2024-07-06T14:29:35","guid":{"rendered":"https:\/\/digivcard.io\/anweisung\/schlusselanhanger\/"},"modified":"2025-01-19T15:10:49","modified_gmt":"2025-01-19T15:10:49","slug":"schlusselanhanger","status":"publish","type":"page","link":"https:\/\/nfcvisitcard.com\/de\/anweisung\/schlusselanhanger\/","title":{"rendered":"Schl\u00fcsselanh\u00e4nger"},"content":{"rendered":"\t\t<div data-elementor-type=\"wp-page\" data-elementor-id=\"1055\" class=\"elementor elementor-1055\" data-elementor-post-type=\"page\">\n\t\t\t\t<div class=\"elementor-element elementor-element-313a88b e-flex e-con-boxed e-con e-parent\" data-id=\"313a88b\" data-element_type=\"container\">\n\t\t\t\t\t<div class=\"e-con-inner\">\n\t\t\t\t<div class=\"elementor-element elementor-element-3c5ab67 elementor-widget elementor-widget-heading\" data-id=\"3c5ab67\" data-element_type=\"widget\" data-widget_type=\"heading.default\">\n\t\t\t\t<div class=\"elementor-widget-container\">\n\t\t\t\t\t<h1 class=\"elementor-heading-title elementor-size-default\">Schlagworte<\/h1>\t\t\t\t<\/div>\n\t\t\t\t<\/div>\n\t\t\t\t<div class=\"elementor-element elementor-element-63d582d elementor-widget elementor-widget-text-editor\" data-id=\"63d582d\" data-element_type=\"widget\" data-widget_type=\"text-editor.default\">\n\t\t\t\t<div class=\"elementor-widget-container\">\n\t\t\t\t\t\t\t\t\t<p class=\"elementor-heading-title elementor-size-default\">Danke, dass Sie sich f\u00fcr DigiVCard entschieden haben!<\/p>\t\t\t\t\t\t\t\t<\/div>\n\t\t\t\t<\/div>\n\t\t<div class=\"elementor-element elementor-element-ffb6914 e-con-full e-flex e-con e-child\" data-id=\"ffb6914\" data-element_type=\"container\" data-settings=\"{&quot;background_background&quot;:&quot;classic&quot;}\">\n\t\t\t\t<div class=\"elementor-element elementor-element-63321bf elementor-widget elementor-widget-text-editor\" data-id=\"63321bf\" data-element_type=\"widget\" data-widget_type=\"text-editor.default\">\n\t\t\t\t<div class=\"elementor-widget-container\">\n\t\t\t\t\t\t\t\t\t<p class=\"post-type2-main-title\">Richtlinien f\u00fcr unsere digitale Visitenkarte<\/p>\t\t\t\t\t\t\t\t<\/div>\n\t\t\t\t<\/div>\n\t\t\t\t<\/div>\n\t\t\t\t\t<\/div>\n\t\t\t\t<\/div>\n\t\t<div class=\"elementor-element elementor-element-39d98d5 e-flex e-con-boxed e-con e-parent\" data-id=\"39d98d5\" data-element_type=\"container\">\n\t\t\t\t\t<div class=\"e-con-inner\">\n\t\t<div class=\"elementor-element elementor-element-361991f e-con-full e-flex e-con e-child\" data-id=\"361991f\" data-element_type=\"container\" data-settings=\"{&quot;background_background&quot;:&quot;classic&quot;}\">\n\t\t<div class=\"elementor-element elementor-element-e8d99fc e-con-full e-flex e-con e-child\" data-id=\"e8d99fc\" data-element_type=\"container\">\n\t\t\t\t<div class=\"elementor-element elementor-element-ed45066 elementor-widget elementor-widget-image\" data-id=\"ed45066\" data-element_type=\"widget\" data-widget_type=\"image.default\">\n\t\t\t\t<div class=\"elementor-widget-container\">\n\t\t\t\t\t\t\t\t\t\t\t\t\t\t\t<img fetchpriority=\"high\" decoding=\"async\" width=\"570\" height=\"500\" src=\"https:\/\/nfcvisitcard.com\/wp-content\/uploads\/2024\/07\/1-1.jpg\" class=\"attachment-large size-large wp-image-438\" alt=\"DigiVCard mobile app download screen with QR code, available on the App Store and Google Play for smart networking and digital business card management.\" srcset=\"https:\/\/nfcvisitcard.com\/wp-content\/uploads\/2024\/07\/1-1.jpg 570w, https:\/\/nfcvisitcard.com\/wp-content\/uploads\/2024\/07\/1-1-300x263.jpg 300w\" sizes=\"(max-width: 570px) 100vw, 570px\" \/>\t\t\t\t\t\t\t\t\t\t\t\t\t\t\t<\/div>\n\t\t\t\t<\/div>\n\t\t\t\t<\/div>\n\t\t<div class=\"elementor-element elementor-element-88298f1 e-con-full e-flex e-con e-child\" data-id=\"88298f1\" data-element_type=\"container\">\n\t\t\t\t<div class=\"elementor-element elementor-element-c00dc34 elementor-widget elementor-widget-heading\" data-id=\"c00dc34\" data-element_type=\"widget\" data-widget_type=\"heading.default\">\n\t\t\t\t<div class=\"elementor-widget-container\">\n\t\t\t\t\t<h2 class=\"elementor-heading-title elementor-size-default\">Finde die App<\/h2>\t\t\t\t<\/div>\n\t\t\t\t<\/div>\n\t\t\t\t<div class=\"elementor-element elementor-element-4468e01 elementor-widget elementor-widget-text-editor\" data-id=\"4468e01\" data-element_type=\"widget\" data-widget_type=\"text-editor.default\">\n\t\t\t\t<div class=\"elementor-widget-container\">\n\t\t\t\t\t\t\t\t\t<p>Laden Sie die DigiVCard-App ganz einfach \u00fcber die unten angegebenen Links herunter oder scannen Sie den QR-Code in diesem Handbuch. Diese Links f\u00fchren Sie direkt zur DigiVCard-App, mit der Sie Ihren Bedarf an digitalen Visitenkarten m\u00fchelos verwalten k\u00f6nnen. Mit DigiVCard k\u00f6nnen Sie Ihre digitale Visitenkarte ganz einfach erstellen, freigeben und aktualisieren und so nahtlose Networking-Erlebnisse erm\u00f6glichen.<\/p>\t\t\t\t\t\t\t\t<\/div>\n\t\t\t\t<\/div>\n\t\t\t\t<div class=\"elementor-element elementor-element-67c1d1c elementor-widget elementor-widget-text-editor\" data-id=\"67c1d1c\" data-element_type=\"widget\" data-widget_type=\"text-editor.default\">\n\t\t\t\t<div class=\"elementor-widget-container\">\n\t\t\t\t\t\t\t\t\t<p>Android-Nutzer klicken einfach auf den folgenden Link: <span style=\"color: #ff6600;\"><a style=\"color: #ff6600;\" href=\"https:\/\/play.google.com\/store\/apps\/details?id=com.peaktowertech.digivcard&amp;pcampaignid=web_share\">[Goog<\/a><a style=\"color: #ff6600;\" href=\"https:\/\/play.google.com\/store\/apps\/details?id=com.peaktowertech.digivcard&amp;pcampaignid=web_share\">le<\/a><a style=\"color: #ff6600;\" href=\"https:\/\/play.google.com\/store\/apps\/details?id=com.peaktowertech.digivcard&amp;pcampaignid=web_share\"> Play<\/a><a style=\"color: #ff6600;\" href=\"https:\/\/play.google.com\/store\/apps\/details?id=com.peaktowertech.digivcard&amp;pcampaignid=web_share\"> Store]<\/a><\/span> Wenn Sie ein iOS-Benutzer sind, navigieren Sie zu:<span style=\"color: #ff6600;\"><a style=\"color: #ff6600;\" href=\"https:\/\/apps.apple.com\/at\/app\/digivcard\/id6450741806?l=en-GB\">[App<\/a><\/span><span style=\"color: #ff6600;\"><a style=\"color: #ff6600;\" href=\"https:\/\/apps.apple.com\/at\/app\/digivcard\/id6450741806?l=en-GB\"> St<\/a><\/span><span style=\"color: #ff6600;\"><a style=\"color: #ff6600;\" href=\"https:\/\/apps.apple.com\/at\/app\/digivcard\/id6450741806?l=en-GB\">ore]<\/a>.<\/span><\/p>\t\t\t\t\t\t\t\t<\/div>\n\t\t\t\t<\/div>\n\t\t\t\t<\/div>\n\t\t\t\t<\/div>\n\t\t<div class=\"elementor-element elementor-element-0e5b665 e-con-full e-flex e-con e-child\" data-id=\"0e5b665\" data-element_type=\"container\" data-settings=\"{&quot;background_background&quot;:&quot;classic&quot;}\">\n\t\t<div class=\"elementor-element elementor-element-95bc4df e-con-full e-flex e-con e-child\" data-id=\"95bc4df\" data-element_type=\"container\">\n\t\t\t\t<div class=\"elementor-element elementor-element-a1cffa7 elementor-widget elementor-widget-heading\" data-id=\"a1cffa7\" data-element_type=\"widget\" data-widget_type=\"heading.default\">\n\t\t\t\t<div class=\"elementor-widget-container\">\n\t\t\t\t\t<h2 class=\"elementor-heading-title elementor-size-default\">Erstellen Sie ein Konto oder melden Sie sich bei Ihrem Konto an:<\/h2>\t\t\t\t<\/div>\n\t\t\t\t<\/div>\n\t\t\t\t<div class=\"elementor-element elementor-element-bf51671 elementor-widget elementor-widget-text-editor\" data-id=\"bf51671\" data-element_type=\"widget\" data-widget_type=\"text-editor.default\">\n\t\t\t\t<div class=\"elementor-widget-container\">\n\t\t\t\t\t\t\t\t\t<p>Egal, ob Sie neu bei DigiVCard sind oder bereits Teil unserer Community, wir freuen uns, Sie an Bord zu haben! Wenn Sie neu sind, herzlich willkommen an Bord! Die Erstellung Ihres DigiVCard-Kontos ist schnell und einfach \u2013 geben Sie einfach Ihre Daten ein, um loszulegen. Sie haben bereits ein Konto bei uns? Fantastisch! Melden Sie sich einfach mit Ihren bestehenden Anmeldedaten an. Egal, ob Sie ein neues Konto erstellen oder sich anmelden, DigiVCard bietet Ihnen eine nahtlose Erfahrung zur effektiven Verwaltung Ihrer digitalen Visitenkarten.<\/p>\t\t\t\t\t\t\t\t<\/div>\n\t\t\t\t<\/div>\n\t\t\t\t<\/div>\n\t\t<div class=\"elementor-element elementor-element-7aeca8c e-con-full e-flex e-con e-child\" data-id=\"7aeca8c\" data-element_type=\"container\">\n\t\t\t\t<div class=\"elementor-element elementor-element-3f158ff elementor-widget elementor-widget-image\" data-id=\"3f158ff\" data-element_type=\"widget\" data-widget_type=\"image.default\">\n\t\t\t\t<div class=\"elementor-widget-container\">\n\t\t\t\t\t\t\t\t\t\t\t\t\t\t\t<img decoding=\"async\" width=\"570\" height=\"500\" src=\"https:\/\/nfcvisitcard.com\/wp-content\/uploads\/2024\/07\/2-1.jpg\" class=\"attachment-large size-large wp-image-451\" alt=\"Sign-up screen for DigiVCard, enabling users to create an account for smart networking and digital business card management.\" srcset=\"https:\/\/nfcvisitcard.com\/wp-content\/uploads\/2024\/07\/2-1.jpg 570w, https:\/\/nfcvisitcard.com\/wp-content\/uploads\/2024\/07\/2-1-300x263.jpg 300w\" sizes=\"(max-width: 570px) 100vw, 570px\" \/>\t\t\t\t\t\t\t\t\t\t\t\t\t\t\t<\/div>\n\t\t\t\t<\/div>\n\t\t\t\t<\/div>\n\t\t\t\t<\/div>\n\t\t<div class=\"elementor-element elementor-element-935b9fa e-con-full e-flex e-con e-child\" data-id=\"935b9fa\" data-element_type=\"container\" data-settings=\"{&quot;background_background&quot;:&quot;classic&quot;}\">\n\t\t<div class=\"elementor-element elementor-element-43685bd e-con-full e-flex e-con e-child\" data-id=\"43685bd\" data-element_type=\"container\">\n\t\t\t\t<div class=\"elementor-element elementor-element-e37c7e6 elementor-widget elementor-widget-image\" data-id=\"e37c7e6\" data-element_type=\"widget\" data-widget_type=\"image.default\">\n\t\t\t\t<div class=\"elementor-widget-container\">\n\t\t\t\t\t\t\t\t\t\t\t\t\t\t\t<img decoding=\"async\" width=\"570\" height=\"500\" src=\"https:\/\/nfcvisitcard.com\/wp-content\/uploads\/2024\/07\/3-1.jpg\" class=\"attachment-large size-large wp-image-452\" alt=\"Step-by-step guide showing how to connect NFC tags to a DigiVCard digital business card for seamless tap-to-connect networking.\" srcset=\"https:\/\/nfcvisitcard.com\/wp-content\/uploads\/2024\/07\/3-1.jpg 570w, https:\/\/nfcvisitcard.com\/wp-content\/uploads\/2024\/07\/3-1-300x263.jpg 300w\" sizes=\"(max-width: 570px) 100vw, 570px\" \/>\t\t\t\t\t\t\t\t\t\t\t\t\t\t\t<\/div>\n\t\t\t\t<\/div>\n\t\t\t\t<\/div>\n\t\t<div class=\"elementor-element elementor-element-0935175 e-con-full e-flex e-con e-child\" data-id=\"0935175\" data-element_type=\"container\">\n\t\t\t\t<div class=\"elementor-element elementor-element-b7d08ab elementor-widget elementor-widget-heading\" data-id=\"b7d08ab\" data-element_type=\"widget\" data-widget_type=\"heading.default\">\n\t\t\t\t<div class=\"elementor-widget-container\">\n\t\t\t\t\t<h2 class=\"elementor-heading-title elementor-size-default\">Aktivieren Sie Ihr NFC-Produkt<\/h2>\t\t\t\t<\/div>\n\t\t\t\t<\/div>\n\t\t\t\t<div class=\"elementor-element elementor-element-ba5a4a0 elementor-widget elementor-widget-text-editor\" data-id=\"ba5a4a0\" data-element_type=\"widget\" data-widget_type=\"text-editor.default\">\n\t\t\t\t<div class=\"elementor-widget-container\">\n\t\t\t\t\t\t\t\t\t<p>Sind Sie bereit, die Leistungsf\u00e4higkeit von NFC mit Ihrer DigiVCard zu entfesseln? So legen Sie los: Navigieren Sie einfach zum Einstellungsbereich der DigiVCard-App und w\u00e4hlen Sie \u201eTag hinzuf\u00fcgen\u201c. Folgen Sie dort den Anweisungen, um Ihre DigiVCard nahtlos mit Ihrem NFC-f\u00e4higen Ger\u00e4t oder Zubeh\u00f6r zu verkn\u00fcpfen. Dieser Vorgang stellt sicher, dass Ihre digitale Visitenkarte f\u00fcr andere mit nur einem Fingertipp auf ihr NFC-f\u00e4higes Ger\u00e4t leicht zug\u00e4nglich ist. Indem Sie Ihr NFC-Produkt \u00fcber DigiVCard aktivieren,<\/p>\t\t\t\t\t\t\t\t<\/div>\n\t\t\t\t<\/div>\n\t\t\t\t<\/div>\n\t\t\t\t<\/div>\n\t\t<div class=\"elementor-element elementor-element-bdeac76 e-con-full e-flex e-con e-child\" data-id=\"bdeac76\" data-element_type=\"container\" data-settings=\"{&quot;background_background&quot;:&quot;classic&quot;}\">\n\t\t<div class=\"elementor-element elementor-element-2d91785 e-con-full e-flex e-con e-child\" data-id=\"2d91785\" data-element_type=\"container\">\n\t\t\t\t<div class=\"elementor-element elementor-element-2e6baf7 elementor-widget elementor-widget-heading\" data-id=\"2e6baf7\" data-element_type=\"widget\" data-widget_type=\"heading.default\">\n\t\t\t\t<div class=\"elementor-widget-container\">\n\t\t\t\t\t<h2 class=\"elementor-heading-title elementor-size-default\">Aktivieren Sie Ihr Produkt<\/h2>\t\t\t\t<\/div>\n\t\t\t\t<\/div>\n\t\t\t\t<div class=\"elementor-element elementor-element-13547a2 elementor-widget elementor-widget-text-editor\" data-id=\"13547a2\" data-element_type=\"widget\" data-widget_type=\"text-editor.default\">\n\t\t\t\t<div class=\"elementor-widget-container\">\n\t\t\t\t\t\t\t\t\t<p>Die Aktivierung Ihres DigiVCard NFC-Produkts ist der letzte Schritt zu einem nahtlosen Netzwerkerlebnis. Suchen Sie zun\u00e4chst den Aktivierungscode-Aufkleber, den Sie auf der Verpackung Ihres Produkts finden. Dieser Aufkleber ist wichtig, da er einen einzigartigen Code enth\u00e4lt, der speziell an Ihr NFC-Produkt gebunden ist und f\u00fcr den Aktivierungsprozess erforderlich ist. \u00d6ffnen Sie die DigiVCard-App, scannen Sie den Code oder geben Sie ihn manuell ein und schlie\u00dfen Sie die Einrichtung ab, um Ihr NFC-Produkt verwenden zu k\u00f6nnen.<\/p>\t\t\t\t\t\t\t\t<\/div>\n\t\t\t\t<\/div>\n\t\t\t\t<\/div>\n\t\t<div class=\"elementor-element elementor-element-f557819 e-con-full e-flex e-con e-child\" data-id=\"f557819\" data-element_type=\"container\">\n\t\t\t\t<div class=\"elementor-element elementor-element-4ea4fd5 elementor-widget elementor-widget-image\" data-id=\"4ea4fd5\" data-element_type=\"widget\" data-widget_type=\"image.default\">\n\t\t\t\t<div class=\"elementor-widget-container\">\n\t\t\t\t\t\t\t\t\t\t\t\t\t\t\t<img loading=\"lazy\" decoding=\"async\" width=\"570\" height=\"500\" src=\"https:\/\/nfcvisitcard.com\/wp-content\/uploads\/2024\/07\/keychain4.jpg\" class=\"attachment-large size-large wp-image-476\" alt=\"DigiVCard NFC keychain enabling tap-to-connect digital business card sharing with Apple Wallet and Google Wallet integration.\" srcset=\"https:\/\/nfcvisitcard.com\/wp-content\/uploads\/2024\/07\/keychain4.jpg 570w, https:\/\/nfcvisitcard.com\/wp-content\/uploads\/2024\/07\/keychain4-300x263.jpg 300w\" sizes=\"(max-width: 570px) 100vw, 570px\" \/>\t\t\t\t\t\t\t\t\t\t\t\t\t\t\t<\/div>\n\t\t\t\t<\/div>\n\t\t\t\t<\/div>\n\t\t\t\t<\/div>\n\t\t<div class=\"elementor-element elementor-element-4b39dc3 e-con-full e-flex e-con e-child\" data-id=\"4b39dc3\" data-element_type=\"container\" data-settings=\"{&quot;background_background&quot;:&quot;classic&quot;}\">\n\t\t<div class=\"elementor-element elementor-element-2f92e9b e-con-full e-flex e-con e-child\" data-id=\"2f92e9b\" data-element_type=\"container\">\n\t\t\t\t<div class=\"elementor-element elementor-element-3faf52b elementor-widget elementor-widget-image\" data-id=\"3faf52b\" data-element_type=\"widget\" data-widget_type=\"image.default\">\n\t\t\t\t<div class=\"elementor-widget-container\">\n\t\t\t\t\t\t\t\t\t\t\t\t\t\t\t<img loading=\"lazy\" decoding=\"async\" width=\"570\" height=\"500\" src=\"https:\/\/nfcvisitcard.com\/wp-content\/uploads\/2024\/07\/keychain5.jpg\" class=\"attachment-large size-large wp-image-477\" alt=\"DigiVCard NFC keychain being tapped to connect with a smartphone, instantly sharing digital business card details.\" srcset=\"https:\/\/nfcvisitcard.com\/wp-content\/uploads\/2024\/07\/keychain5.jpg 570w, https:\/\/nfcvisitcard.com\/wp-content\/uploads\/2024\/07\/keychain5-300x263.jpg 300w\" sizes=\"(max-width: 570px) 100vw, 570px\" \/>\t\t\t\t\t\t\t\t\t\t\t\t\t\t\t<\/div>\n\t\t\t\t<\/div>\n\t\t\t\t<\/div>\n\t\t<div class=\"elementor-element elementor-element-3584be4 e-con-full e-flex e-con e-child\" data-id=\"3584be4\" data-element_type=\"container\">\n\t\t\t\t<div class=\"elementor-element elementor-element-b98b1f6 elementor-widget elementor-widget-heading\" data-id=\"b98b1f6\" data-element_type=\"widget\" data-widget_type=\"heading.default\">\n\t\t\t\t<div class=\"elementor-widget-container\">\n\t\t\t\t\t<h2 class=\"elementor-heading-title elementor-size-default\">Informationen teilen<\/h2>\t\t\t\t<\/div>\n\t\t\t\t<\/div>\n\t\t\t\t<div class=\"elementor-element elementor-element-a7d33e5 elementor-widget elementor-widget-text-editor\" data-id=\"a7d33e5\" data-element_type=\"widget\" data-widget_type=\"text-editor.default\">\n\t\t\t\t<div class=\"elementor-widget-container\">\n\t\t\t\t\t\t\t\t\t<p>DigiVCard-Profile sind vollst\u00e4ndig anpassbar und bieten dynamische Inhalte, die die Interaktion mit Ihren Kontakten verbessern. Machen Sie jede Interaktion mit DigiVCard unvergesslich.<\/p>\t\t\t\t\t\t\t\t<\/div>\n\t\t\t\t<\/div>\n\t\t\t\t<\/div>\n\t\t\t\t<\/div>\n\t\t\t\t\t<\/div>\n\t\t\t\t<\/div>\n\t\t\t\t<\/div>\n\t\t","protected":false},"excerpt":{"rendered":"<p>Schlagworte Danke, dass Sie sich f\u00fcr DigiVCard entschieden haben! Richtlinien f\u00fcr unsere digitale Visitenkarte Finde die App Laden Sie die DigiVCard-App ganz einfach \u00fcber die unten angegebenen Links herunter oder scannen Sie den QR-Code in diesem Handbuch. Diese Links f\u00fchren Sie direkt zur DigiVCard-App, mit der Sie Ihren Bedarf an digitalen Visitenkarten m\u00fchelos verwalten k\u00f6nnen. [&hellip;]<\/p>\n","protected":false},"author":2,"featured_media":0,"parent":1046,"menu_order":0,"comment_status":"closed","ping_status":"closed","template":"elementor_header_footer","meta":{"footnotes":""},"class_list":["post-1055","page","type-page","status-publish","hentry"],"_links":{"self":[{"href":"https:\/\/nfcvisitcard.com\/de\/wp-json\/wp\/v2\/pages\/1055","targetHints":{"allow":["GET"]}}],"collection":[{"href":"https:\/\/nfcvisitcard.com\/de\/wp-json\/wp\/v2\/pages"}],"about":[{"href":"https:\/\/nfcvisitcard.com\/de\/wp-json\/wp\/v2\/types\/page"}],"author":[{"embeddable":true,"href":"https:\/\/nfcvisitcard.com\/de\/wp-json\/wp\/v2\/users\/2"}],"replies":[{"embeddable":true,"href":"https:\/\/nfcvisitcard.com\/de\/wp-json\/wp\/v2\/comments?post=1055"}],"version-history":[{"count":0,"href":"https:\/\/nfcvisitcard.com\/de\/wp-json\/wp\/v2\/pages\/1055\/revisions"}],"up":[{"embeddable":true,"href":"https:\/\/nfcvisitcard.com\/de\/wp-json\/wp\/v2\/pages\/1046"}],"wp:attachment":[{"href":"https:\/\/nfcvisitcard.com\/de\/wp-json\/wp\/v2\/media?parent=1055"}],"curies":[{"name":"wp","href":"https:\/\/api.w.org\/{rel}","templated":true}]}}