{"id":1051,"date":"2024-07-06T14:28:20","date_gmt":"2024-07-06T14:28:20","guid":{"rendered":"https:\/\/digivcard.io\/anweisung\/karte\/"},"modified":"2025-01-19T14:49:50","modified_gmt":"2025-01-19T14:49:50","slug":"karte","status":"publish","type":"page","link":"https:\/\/nfcvisitcard.com\/de\/anweisung\/karte\/","title":{"rendered":"Karte"},"content":{"rendered":"\t\t<div data-elementor-type=\"wp-page\" data-elementor-id=\"1051\" class=\"elementor elementor-1051\" data-elementor-post-type=\"page\">\n\t\t\t\t<div class=\"elementor-element elementor-element-61f2001 e-flex e-con-boxed e-con e-parent\" data-id=\"61f2001\" data-element_type=\"container\">\n\t\t\t\t\t<div class=\"e-con-inner\">\n\t\t\t\t<div class=\"elementor-element elementor-element-25333f3 elementor-widget elementor-widget-heading\" data-id=\"25333f3\" data-element_type=\"widget\" data-widget_type=\"heading.default\">\n\t\t\t\t<div class=\"elementor-widget-container\">\n\t\t\t\t\t<h1 class=\"elementor-heading-title elementor-size-default\">Karte<\/h1>\t\t\t\t<\/div>\n\t\t\t\t<\/div>\n\t\t\t\t<div class=\"elementor-element elementor-element-1b8b590 elementor-widget elementor-widget-text-editor\" data-id=\"1b8b590\" data-element_type=\"widget\" data-widget_type=\"text-editor.default\">\n\t\t\t\t<div class=\"elementor-widget-container\">\n\t\t\t\t\t\t\t\t\t<p class=\"elementor-heading-title elementor-size-default\">Danke, dass Sie sich f\u00fcr DigiVCard entschieden haben!<\/p>\t\t\t\t\t\t\t\t<\/div>\n\t\t\t\t<\/div>\n\t\t<div class=\"elementor-element elementor-element-071fae3 e-con-full e-flex e-con e-child\" data-id=\"071fae3\" data-element_type=\"container\" data-settings=\"{&quot;background_background&quot;:&quot;classic&quot;}\">\n\t\t\t\t<div class=\"elementor-element elementor-element-d4a1228 elementor-widget elementor-widget-text-editor\" data-id=\"d4a1228\" data-element_type=\"widget\" data-widget_type=\"text-editor.default\">\n\t\t\t\t<div class=\"elementor-widget-container\">\n\t\t\t\t\t\t\t\t\t<p class=\"post-type2-main-title\">Richtlinien f\u00fcr unsere digitale Visitenkarte<\/p>\t\t\t\t\t\t\t\t<\/div>\n\t\t\t\t<\/div>\n\t\t\t\t<\/div>\n\t\t\t\t\t<\/div>\n\t\t\t\t<\/div>\n\t\t<div class=\"elementor-element elementor-element-fd2c3fc e-flex e-con-boxed e-con e-parent\" data-id=\"fd2c3fc\" data-element_type=\"container\">\n\t\t\t\t\t<div class=\"e-con-inner\">\n\t\t<div class=\"elementor-element elementor-element-0cdf2ac e-con-full e-flex e-con e-child\" data-id=\"0cdf2ac\" data-element_type=\"container\" data-settings=\"{&quot;background_background&quot;:&quot;classic&quot;}\">\n\t\t<div class=\"elementor-element elementor-element-eb0db1a e-con-full e-flex e-con e-child\" data-id=\"eb0db1a\" data-element_type=\"container\">\n\t\t\t\t<div class=\"elementor-element elementor-element-e5958ba elementor-widget elementor-widget-image\" data-id=\"e5958ba\" data-element_type=\"widget\" data-widget_type=\"image.default\">\n\t\t\t\t<div class=\"elementor-widget-container\">\n\t\t\t\t\t\t\t\t\t\t\t\t\t\t\t<img fetchpriority=\"high\" decoding=\"async\" width=\"570\" height=\"500\" src=\"https:\/\/nfcvisitcard.com\/wp-content\/uploads\/2024\/07\/1-1.jpg\" class=\"attachment-large size-large wp-image-438\" alt=\"DigiVCard mobile app download screen with QR code, available on the App Store and Google Play for smart networking and digital business card management.\" srcset=\"https:\/\/nfcvisitcard.com\/wp-content\/uploads\/2024\/07\/1-1.jpg 570w, https:\/\/nfcvisitcard.com\/wp-content\/uploads\/2024\/07\/1-1-300x263.jpg 300w\" sizes=\"(max-width: 570px) 100vw, 570px\" \/>\t\t\t\t\t\t\t\t\t\t\t\t\t\t\t<\/div>\n\t\t\t\t<\/div>\n\t\t\t\t<\/div>\n\t\t<div class=\"elementor-element elementor-element-b20110a e-con-full e-flex e-con e-child\" data-id=\"b20110a\" data-element_type=\"container\">\n\t\t\t\t<div class=\"elementor-element elementor-element-5b3c479 elementor-widget elementor-widget-heading\" data-id=\"5b3c479\" data-element_type=\"widget\" data-widget_type=\"heading.default\">\n\t\t\t\t<div class=\"elementor-widget-container\">\n\t\t\t\t\t<h2 class=\"elementor-heading-title elementor-size-default\">Finde die App<\/h2>\t\t\t\t<\/div>\n\t\t\t\t<\/div>\n\t\t\t\t<div class=\"elementor-element elementor-element-3ca9824 elementor-widget elementor-widget-text-editor\" data-id=\"3ca9824\" data-element_type=\"widget\" data-widget_type=\"text-editor.default\">\n\t\t\t\t<div class=\"elementor-widget-container\">\n\t\t\t\t\t\t\t\t\t<p>Laden Sie die DigiVCard-App ganz einfach \u00fcber die unten angegebenen Links herunter oder scannen Sie den QR-Code in diesem Handbuch. Diese Links f\u00fchren Sie direkt zur DigiVCard-App, mit der Sie Ihren Bedarf an digitalen Visitenkarten m\u00fchelos verwalten k\u00f6nnen. Mit DigiVCard k\u00f6nnen Sie Ihre digitale Visitenkarte ganz einfach erstellen, freigeben und aktualisieren und so nahtlose Networking-Erlebnisse erm\u00f6glichen.<\/p>\t\t\t\t\t\t\t\t<\/div>\n\t\t\t\t<\/div>\n\t\t\t\t<div class=\"elementor-element elementor-element-77b0eab elementor-widget elementor-widget-text-editor\" data-id=\"77b0eab\" data-element_type=\"widget\" data-widget_type=\"text-editor.default\">\n\t\t\t\t<div class=\"elementor-widget-container\">\n\t\t\t\t\t\t\t\t\t<p>Android-Nutzer klicken einfach auf den folgenden Link: <span style=\"color: #ff6600;\"><a style=\"color: #ff6600;\" href=\"https:\/\/play.google.com\/store\/apps\/details?id=com.peaktowertech.digivcard&amp;pcampaignid=web_share\">[Google<\/a><a style=\"color: #ff6600;\" href=\"https:\/\/play.google.com\/store\/apps\/details?id=com.peaktowertech.digivcard&amp;pcampaignid=web_share\"> P<\/a><a style=\"color: #ff6600;\" href=\"https:\/\/play.google.com\/store\/apps\/details?id=com.peaktowertech.digivcard&amp;pcampaignid=web_share\">lay<\/a><a style=\"color: #ff6600;\" href=\"https:\/\/play.google.com\/store\/apps\/details?id=com.peaktowertech.digivcard&amp;pcampaignid=web_share\"> Store]<\/a><\/span> Wenn Sie ein iOS-Benutzer sind, navigieren Sie zu:<span style=\"color: #ff6600;\"><a style=\"color: #ff6600;\" href=\"https:\/\/apps.apple.com\/at\/app\/digivcard\/id6450741806?l=en-GB\">[App<\/a><\/span><span style=\"color: #ff6600;\"><a style=\"color: #ff6600;\" href=\"https:\/\/apps.apple.com\/at\/app\/digivcard\/id6450741806?l=en-GB\"> St<\/a><\/span><span style=\"color: #ff6600;\"><a style=\"color: #ff6600;\" href=\"https:\/\/apps.apple.com\/at\/app\/digivcard\/id6450741806?l=en-GB\">ore]<\/a>.<\/span><\/p>\t\t\t\t\t\t\t\t<\/div>\n\t\t\t\t<\/div>\n\t\t\t\t<\/div>\n\t\t\t\t<\/div>\n\t\t<div class=\"elementor-element elementor-element-e6856bc e-con-full e-flex e-con e-child\" data-id=\"e6856bc\" data-element_type=\"container\" data-settings=\"{&quot;background_background&quot;:&quot;classic&quot;}\">\n\t\t<div class=\"elementor-element elementor-element-1072846 e-con-full e-flex e-con e-child\" data-id=\"1072846\" data-element_type=\"container\">\n\t\t\t\t<div class=\"elementor-element elementor-element-bff0772 elementor-widget elementor-widget-heading\" data-id=\"bff0772\" data-element_type=\"widget\" data-widget_type=\"heading.default\">\n\t\t\t\t<div class=\"elementor-widget-container\">\n\t\t\t\t\t<h2 class=\"elementor-heading-title elementor-size-default\">Erstellen Sie ein Konto oder melden Sie sich bei Ihrem Konto an:<\/h2>\t\t\t\t<\/div>\n\t\t\t\t<\/div>\n\t\t\t\t<div class=\"elementor-element elementor-element-274d900 elementor-widget elementor-widget-text-editor\" data-id=\"274d900\" data-element_type=\"widget\" data-widget_type=\"text-editor.default\">\n\t\t\t\t<div class=\"elementor-widget-container\">\n\t\t\t\t\t\t\t\t\t<p>Egal, ob Sie neu bei DigiVCard sind oder bereits Teil unserer Community, wir freuen uns, Sie an Bord zu haben! Wenn Sie neu sind, herzlich willkommen an Bord! Die Erstellung Ihres DigiVCard-Kontos ist schnell und einfach \u2013 geben Sie einfach Ihre Daten ein, um loszulegen. Sie haben bereits ein Konto bei uns? Fantastisch! Melden Sie sich einfach mit Ihren bestehenden Anmeldedaten an. Egal, ob Sie ein neues Konto erstellen oder sich anmelden, DigiVCard bietet Ihnen eine nahtlose Erfahrung zur effektiven Verwaltung Ihrer digitalen Visitenkarten.<\/p>\t\t\t\t\t\t\t\t<\/div>\n\t\t\t\t<\/div>\n\t\t\t\t<\/div>\n\t\t<div class=\"elementor-element elementor-element-1e86286 e-con-full e-flex e-con e-child\" data-id=\"1e86286\" data-element_type=\"container\">\n\t\t\t\t<div class=\"elementor-element elementor-element-3ed3f59 elementor-widget elementor-widget-image\" data-id=\"3ed3f59\" data-element_type=\"widget\" data-widget_type=\"image.default\">\n\t\t\t\t<div class=\"elementor-widget-container\">\n\t\t\t\t\t\t\t\t\t\t\t\t\t\t\t<img decoding=\"async\" width=\"570\" height=\"500\" src=\"https:\/\/nfcvisitcard.com\/wp-content\/uploads\/2024\/07\/2-1.jpg\" class=\"attachment-large size-large wp-image-451\" alt=\"Sign-up screen for DigiVCard, enabling users to create an account for smart networking and digital business card management.\" srcset=\"https:\/\/nfcvisitcard.com\/wp-content\/uploads\/2024\/07\/2-1.jpg 570w, https:\/\/nfcvisitcard.com\/wp-content\/uploads\/2024\/07\/2-1-300x263.jpg 300w\" sizes=\"(max-width: 570px) 100vw, 570px\" \/>\t\t\t\t\t\t\t\t\t\t\t\t\t\t\t<\/div>\n\t\t\t\t<\/div>\n\t\t\t\t<\/div>\n\t\t\t\t<\/div>\n\t\t<div class=\"elementor-element elementor-element-493b715 e-con-full e-flex e-con e-child\" data-id=\"493b715\" data-element_type=\"container\" data-settings=\"{&quot;background_background&quot;:&quot;classic&quot;}\">\n\t\t<div class=\"elementor-element elementor-element-fc15f7d e-con-full e-flex e-con e-child\" data-id=\"fc15f7d\" data-element_type=\"container\">\n\t\t\t\t<div class=\"elementor-element elementor-element-ca42bfb elementor-widget elementor-widget-image\" data-id=\"ca42bfb\" data-element_type=\"widget\" data-widget_type=\"image.default\">\n\t\t\t\t<div class=\"elementor-widget-container\">\n\t\t\t\t\t\t\t\t\t\t\t\t\t\t\t<img decoding=\"async\" width=\"570\" height=\"500\" src=\"https:\/\/nfcvisitcard.com\/wp-content\/uploads\/2024\/07\/3-1.jpg\" class=\"attachment-large size-large wp-image-452\" alt=\"Step-by-step guide showing how to connect NFC tags to a DigiVCard digital business card for seamless tap-to-connect networking.\" srcset=\"https:\/\/nfcvisitcard.com\/wp-content\/uploads\/2024\/07\/3-1.jpg 570w, https:\/\/nfcvisitcard.com\/wp-content\/uploads\/2024\/07\/3-1-300x263.jpg 300w\" sizes=\"(max-width: 570px) 100vw, 570px\" \/>\t\t\t\t\t\t\t\t\t\t\t\t\t\t\t<\/div>\n\t\t\t\t<\/div>\n\t\t\t\t<\/div>\n\t\t<div class=\"elementor-element elementor-element-f4971fd e-con-full e-flex e-con e-child\" data-id=\"f4971fd\" data-element_type=\"container\">\n\t\t\t\t<div class=\"elementor-element elementor-element-d37118e elementor-widget elementor-widget-heading\" data-id=\"d37118e\" data-element_type=\"widget\" data-widget_type=\"heading.default\">\n\t\t\t\t<div class=\"elementor-widget-container\">\n\t\t\t\t\t<h2 class=\"elementor-heading-title elementor-size-default\">Aktivieren Sie Ihr NFC-Produkt<\/h2>\t\t\t\t<\/div>\n\t\t\t\t<\/div>\n\t\t\t\t<div class=\"elementor-element elementor-element-e5511aa elementor-widget elementor-widget-text-editor\" data-id=\"e5511aa\" data-element_type=\"widget\" data-widget_type=\"text-editor.default\">\n\t\t\t\t<div class=\"elementor-widget-container\">\n\t\t\t\t\t\t\t\t\t<p>Sind Sie bereit, die Leistungsf\u00e4higkeit von NFC mit Ihrer DigiVCard zu entfesseln? So legen Sie los: Navigieren Sie einfach zum Einstellungsbereich der DigiVCard-App und w\u00e4hlen Sie \u201eTag hinzuf\u00fcgen\u201c. Folgen Sie dort den Anweisungen, um Ihre DigiVCard nahtlos mit Ihrem NFC-f\u00e4higen Ger\u00e4t oder Zubeh\u00f6r zu verkn\u00fcpfen. Dieser Vorgang stellt sicher, dass Ihre digitale Visitenkarte f\u00fcr andere mit nur einem Fingertipp auf ihr NFC-f\u00e4higes Ger\u00e4t leicht zug\u00e4nglich ist. Indem Sie Ihr NFC-Produkt \u00fcber DigiVCard aktivieren,<\/p>\t\t\t\t\t\t\t\t<\/div>\n\t\t\t\t<\/div>\n\t\t\t\t<\/div>\n\t\t\t\t<\/div>\n\t\t<div class=\"elementor-element elementor-element-0059eb2 e-con-full e-flex e-con e-child\" data-id=\"0059eb2\" data-element_type=\"container\" data-settings=\"{&quot;background_background&quot;:&quot;classic&quot;}\">\n\t\t<div class=\"elementor-element elementor-element-384cfe3 e-con-full e-flex e-con e-child\" data-id=\"384cfe3\" data-element_type=\"container\">\n\t\t\t\t<div class=\"elementor-element elementor-element-b31f970 elementor-widget elementor-widget-heading\" data-id=\"b31f970\" data-element_type=\"widget\" data-widget_type=\"heading.default\">\n\t\t\t\t<div class=\"elementor-widget-container\">\n\t\t\t\t\t<h2 class=\"elementor-heading-title elementor-size-default\">Aktivieren Sie Ihr Produkt<\/h2>\t\t\t\t<\/div>\n\t\t\t\t<\/div>\n\t\t\t\t<div class=\"elementor-element elementor-element-01f0958 elementor-widget elementor-widget-text-editor\" data-id=\"01f0958\" data-element_type=\"widget\" data-widget_type=\"text-editor.default\">\n\t\t\t\t<div class=\"elementor-widget-container\">\n\t\t\t\t\t\t\t\t\t<p>Die Aktivierung Ihres DigiVCard NFC-Produkts ist der letzte Schritt zu einem nahtlosen Netzwerkerlebnis. Suchen Sie zun\u00e4chst den Aktivierungscode-Aufkleber, den Sie auf der Verpackung Ihres Produkts finden. Dieser Aufkleber ist wichtig, da er einen einzigartigen Code enth\u00e4lt, der speziell an Ihr NFC-Produkt gebunden ist und f\u00fcr den Aktivierungsprozess erforderlich ist. \u00d6ffnen Sie die DigiVCard-App, scannen Sie den Code oder geben Sie ihn manuell ein und schlie\u00dfen Sie die Einrichtung ab, um Ihr NFC-Produkt verwenden zu k\u00f6nnen.<\/p>\t\t\t\t\t\t\t\t<\/div>\n\t\t\t\t<\/div>\n\t\t\t\t<\/div>\n\t\t<div class=\"elementor-element elementor-element-7212a3e e-con-full e-flex e-con e-child\" data-id=\"7212a3e\" data-element_type=\"container\">\n\t\t\t\t<div class=\"elementor-element elementor-element-b280034 elementor-widget elementor-widget-image\" data-id=\"b280034\" data-element_type=\"widget\" data-widget_type=\"image.default\">\n\t\t\t\t<div class=\"elementor-widget-container\">\n\t\t\t\t\t\t\t\t\t\t\t\t\t\t\t<img loading=\"lazy\" decoding=\"async\" width=\"570\" height=\"500\" src=\"https:\/\/nfcvisitcard.com\/wp-content\/uploads\/2024\/07\/card4.jpg\" class=\"attachment-large size-large wp-image-456\" alt=\"DigiVCard NFC business card enabling tap-to-connect digital networking with Google Wallet and Apple Wallet integration.\" srcset=\"https:\/\/nfcvisitcard.com\/wp-content\/uploads\/2024\/07\/card4.jpg 570w, https:\/\/nfcvisitcard.com\/wp-content\/uploads\/2024\/07\/card4-300x263.jpg 300w\" sizes=\"(max-width: 570px) 100vw, 570px\" \/>\t\t\t\t\t\t\t\t\t\t\t\t\t\t\t<\/div>\n\t\t\t\t<\/div>\n\t\t\t\t<\/div>\n\t\t\t\t<\/div>\n\t\t<div class=\"elementor-element elementor-element-b1bfa4d e-con-full e-flex e-con e-child\" data-id=\"b1bfa4d\" data-element_type=\"container\" data-settings=\"{&quot;background_background&quot;:&quot;classic&quot;}\">\n\t\t<div class=\"elementor-element elementor-element-674872e e-con-full e-flex e-con e-child\" data-id=\"674872e\" data-element_type=\"container\">\n\t\t\t\t<div class=\"elementor-element elementor-element-f600f9d elementor-widget elementor-widget-image\" data-id=\"f600f9d\" data-element_type=\"widget\" data-widget_type=\"image.default\">\n\t\t\t\t<div class=\"elementor-widget-container\">\n\t\t\t\t\t\t\t\t\t\t\t\t\t\t\t<img loading=\"lazy\" decoding=\"async\" width=\"570\" height=\"500\" src=\"https:\/\/nfcvisitcard.com\/wp-content\/uploads\/2024\/07\/CARD5.jpg\" class=\"attachment-large size-large wp-image-457\" alt=\"DigiVCard NFC business card being tapped to connect with a smartphone for instant digital contact sharing.\" srcset=\"https:\/\/nfcvisitcard.com\/wp-content\/uploads\/2024\/07\/CARD5.jpg 570w, https:\/\/nfcvisitcard.com\/wp-content\/uploads\/2024\/07\/CARD5-300x263.jpg 300w\" sizes=\"(max-width: 570px) 100vw, 570px\" \/>\t\t\t\t\t\t\t\t\t\t\t\t\t\t\t<\/div>\n\t\t\t\t<\/div>\n\t\t\t\t<\/div>\n\t\t<div class=\"elementor-element elementor-element-dfd712f e-con-full e-flex e-con e-child\" data-id=\"dfd712f\" data-element_type=\"container\">\n\t\t\t\t<div class=\"elementor-element elementor-element-356fb96 elementor-widget elementor-widget-heading\" data-id=\"356fb96\" data-element_type=\"widget\" data-widget_type=\"heading.default\">\n\t\t\t\t<div class=\"elementor-widget-container\">\n\t\t\t\t\t<h2 class=\"elementor-heading-title elementor-size-default\">Informationen teilen<\/h2>\t\t\t\t<\/div>\n\t\t\t\t<\/div>\n\t\t\t\t<div class=\"elementor-element elementor-element-c0a3dc2 elementor-widget elementor-widget-text-editor\" data-id=\"c0a3dc2\" data-element_type=\"widget\" data-widget_type=\"text-editor.default\">\n\t\t\t\t<div class=\"elementor-widget-container\">\n\t\t\t\t\t\t\t\t\t<p>DigiVCard-Profile sind vollst\u00e4ndig anpassbar und bieten dynamische Inhalte, die die Interaktion mit Ihren Kontakten verbessern. Machen Sie jede Interaktion mit DigiVCard unvergesslich.<\/p>\t\t\t\t\t\t\t\t<\/div>\n\t\t\t\t<\/div>\n\t\t\t\t<\/div>\n\t\t\t\t<\/div>\n\t\t\t\t\t<\/div>\n\t\t\t\t<\/div>\n\t\t\t\t<\/div>\n\t\t","protected":false},"excerpt":{"rendered":"<p>Karte Danke, dass Sie sich f\u00fcr DigiVCard entschieden haben! Richtlinien f\u00fcr unsere digitale Visitenkarte Finde die App Laden Sie die DigiVCard-App ganz einfach \u00fcber die unten angegebenen Links herunter oder scannen Sie den QR-Code in diesem Handbuch. Diese Links f\u00fchren Sie direkt zur DigiVCard-App, mit der Sie Ihren Bedarf an digitalen Visitenkarten m\u00fchelos verwalten k\u00f6nnen. [&hellip;]<\/p>\n","protected":false},"author":2,"featured_media":0,"parent":1046,"menu_order":0,"comment_status":"closed","ping_status":"closed","template":"elementor_header_footer","meta":{"footnotes":""},"class_list":["post-1051","page","type-page","status-publish","hentry"],"_links":{"self":[{"href":"https:\/\/nfcvisitcard.com\/de\/wp-json\/wp\/v2\/pages\/1051","targetHints":{"allow":["GET"]}}],"collection":[{"href":"https:\/\/nfcvisitcard.com\/de\/wp-json\/wp\/v2\/pages"}],"about":[{"href":"https:\/\/nfcvisitcard.com\/de\/wp-json\/wp\/v2\/types\/page"}],"author":[{"embeddable":true,"href":"https:\/\/nfcvisitcard.com\/de\/wp-json\/wp\/v2\/users\/2"}],"replies":[{"embeddable":true,"href":"https:\/\/nfcvisitcard.com\/de\/wp-json\/wp\/v2\/comments?post=1051"}],"version-history":[{"count":0,"href":"https:\/\/nfcvisitcard.com\/de\/wp-json\/wp\/v2\/pages\/1051\/revisions"}],"up":[{"embeddable":true,"href":"https:\/\/nfcvisitcard.com\/de\/wp-json\/wp\/v2\/pages\/1046"}],"wp:attachment":[{"href":"https:\/\/nfcvisitcard.com\/de\/wp-json\/wp\/v2\/media?parent=1051"}],"curies":[{"name":"wp","href":"https:\/\/api.w.org\/{rel}","templated":true}]}}