{"id":1039,"date":"2024-06-27T12:57:36","date_gmt":"2024-06-27T12:57:36","guid":{"rendered":"https:\/\/digivcard.io\/uber-uns\/"},"modified":"2025-01-19T16:11:23","modified_gmt":"2025-01-19T16:11:23","slug":"uber-uns","status":"publish","type":"page","link":"https:\/\/nfcvisitcard.com\/de\/uber-uns\/","title":{"rendered":"\u00dcber uns"},"content":{"rendered":"\t\t<div data-elementor-type=\"wp-page\" data-elementor-id=\"1039\" class=\"elementor elementor-1039\" data-elementor-post-type=\"page\">\n\t\t\t\t<div class=\"elementor-element elementor-element-1b161ea e-flex e-con-boxed e-con e-parent\" data-id=\"1b161ea\" data-element_type=\"container\">\n\t\t\t\t\t<div class=\"e-con-inner\">\n\t\t\t\t<div class=\"elementor-element elementor-element-e49559a elementor-widget elementor-widget-image\" data-id=\"e49559a\" data-element_type=\"widget\" data-widget_type=\"image.default\">\n\t\t\t\t<div class=\"elementor-widget-container\">\n\t\t\t\t\t\t\t\t\t\t\t\t\t\t\t<img fetchpriority=\"high\" decoding=\"async\" width=\"433\" height=\"288\" src=\"https:\/\/nfcvisitcard.com\/wp-content\/uploads\/2024\/07\/UID_2004_WMID_24_aboutus.png\" class=\"attachment-large size-large wp-image-230\" alt=\"A confident business team standing together, symbolizing smart networking and professional connections powered by DigiVCard digital business cards.\" srcset=\"https:\/\/nfcvisitcard.com\/wp-content\/uploads\/2024\/07\/UID_2004_WMID_24_aboutus.png 433w, https:\/\/nfcvisitcard.com\/wp-content\/uploads\/2024\/07\/UID_2004_WMID_24_aboutus-300x200.png 300w\" sizes=\"(max-width: 433px) 100vw, 433px\" \/>\t\t\t\t\t\t\t\t\t\t\t\t\t\t\t<\/div>\n\t\t\t\t<\/div>\n\t\t\t\t\t<\/div>\n\t\t\t\t<\/div>\n\t\t<div class=\"elementor-element elementor-element-955aeee e-flex e-con-boxed e-con e-parent\" data-id=\"955aeee\" data-element_type=\"container\">\n\t\t\t\t\t<div class=\"e-con-inner\">\n\t\t<div class=\"elementor-element elementor-element-1665f90 e-con-full e-flex e-con e-child\" data-id=\"1665f90\" data-element_type=\"container\" data-settings=\"{&quot;background_background&quot;:&quot;classic&quot;}\">\n\t\t\t\t<div class=\"elementor-element elementor-element-b23f676 elementor-widget elementor-widget-heading\" data-id=\"b23f676\" data-element_type=\"widget\" data-widget_type=\"heading.default\">\n\t\t\t\t<div class=\"elementor-widget-container\">\n\t\t\t\t\t<h1 class=\"elementor-heading-title elementor-size-default\">\u00dcber uns<\/h1>\t\t\t\t<\/div>\n\t\t\t\t<\/div>\n\t\t\t\t<\/div>\n\t\t\t\t\t<\/div>\n\t\t\t\t<\/div>\n\t\t<div class=\"elementor-element elementor-element-d4a05e7 e-flex e-con-boxed e-con e-parent\" data-id=\"d4a05e7\" data-element_type=\"container\">\n\t\t\t\t\t<div class=\"e-con-inner\">\n\t\t\t\t<div class=\"elementor-element elementor-element-80ccdc5 elementor-widget elementor-widget-text-editor\" data-id=\"80ccdc5\" data-element_type=\"widget\" data-widget_type=\"text-editor.default\">\n\t\t\t\t<div class=\"elementor-widget-container\">\n\t\t\t\t\t\t\t\t\t<p>Die Geschichte hinter DigiVCard ist ein Beweis f\u00fcr unser Engagement f\u00fcr Nachhaltigkeit und Innovation. Alles begann mit dem Erfolg von DigiAirMenu, unserem bahnbrechenden papierlosen Bestell- und Kassensystem, das unser Engagement f\u00fcr umweltfreundliche L\u00f6sungen veranschaulichte. Aus dieser umweltfreundlichen Innovation entstand DigiVCard. Angetrieben vom Ethos des Umweltbewusstseins erweiterte DigiV Card unsere Vision, indem es neu erdachte, wie professionelles Networking sowohl papierlos als auch wirkungsvoll sein kann. Unsere Reise unterstreicht eine Geschichte des progressiven Denkens, bei der eine innovative Plattform den Grundstein f\u00fcr die n\u00e4chste legte und Technologie nahtlos mit einer gemeinsamen Philosophie verschmolz.<\/p>\t\t\t\t\t\t\t\t<\/div>\n\t\t\t\t<\/div>\n\t\t\t\t\t<\/div>\n\t\t\t\t<\/div>\n\t\t<div class=\"elementor-element elementor-element-0fe4228 e-flex e-con-boxed e-con e-parent\" data-id=\"0fe4228\" data-element_type=\"container\">\n\t\t\t\t\t<div class=\"e-con-inner\">\n\t\t<div class=\"elementor-element elementor-element-f932e4d e-con-full e-flex e-con e-child\" data-id=\"f932e4d\" data-element_type=\"container\">\n\t\t\t\t<div class=\"elementor-element elementor-element-be3f5b4 elementor-widget elementor-widget-counter\" data-id=\"be3f5b4\" data-element_type=\"widget\" data-widget_type=\"counter.default\">\n\t\t\t\t<div class=\"elementor-widget-container\">\n\t\t\t\t\t\t\t<div class=\"elementor-counter\">\n\t\t\t<div class=\"elementor-counter-title\">Erfolgreicher Verkauf<\/div>\t\t\t<div class=\"elementor-counter-number-wrapper\">\n\t\t\t\t<span class=\"elementor-counter-number-prefix\">+<\/span>\n\t\t\t\t<span class=\"elementor-counter-number\" data-duration=\"2000\" data-to-value=\"5000\" data-from-value=\"0\" data-delimiter=\",\">0<\/span>\n\t\t\t\t<span class=\"elementor-counter-number-suffix\"><\/span>\n\t\t\t<\/div>\n\t\t<\/div>\n\t\t\t\t\t\t<\/div>\n\t\t\t\t<\/div>\n\t\t\t\t<\/div>\n\t\t<div class=\"elementor-element elementor-element-a4f926a e-con-full e-flex e-con e-child\" data-id=\"a4f926a\" data-element_type=\"container\">\n\t\t\t\t<div class=\"elementor-element elementor-element-7e15f39 elementor-widget elementor-widget-counter\" data-id=\"7e15f39\" data-element_type=\"widget\" data-widget_type=\"counter.default\">\n\t\t\t\t<div class=\"elementor-widget-container\">\n\t\t\t\t\t\t\t<div class=\"elementor-counter\">\n\t\t\t<div class=\"elementor-counter-title\">Online-Benutzer<\/div>\t\t\t<div class=\"elementor-counter-number-wrapper\">\n\t\t\t\t<span class=\"elementor-counter-number-prefix\"><\/span>\n\t\t\t\t<span class=\"elementor-counter-number\" data-duration=\"2000\" data-to-value=\"3152\" data-from-value=\"0\" data-delimiter=\",\">0<\/span>\n\t\t\t\t<span class=\"elementor-counter-number-suffix\"><\/span>\n\t\t\t<\/div>\n\t\t<\/div>\n\t\t\t\t\t\t<\/div>\n\t\t\t\t<\/div>\n\t\t\t\t<\/div>\n\t\t<div class=\"elementor-element elementor-element-ec49c56 e-con-full e-flex e-con e-child\" data-id=\"ec49c56\" data-element_type=\"container\">\n\t\t\t\t<div class=\"elementor-element elementor-element-52cccde elementor-widget elementor-widget-counter\" data-id=\"52cccde\" data-element_type=\"widget\" data-widget_type=\"counter.default\">\n\t\t\t\t<div class=\"elementor-widget-container\">\n\t\t\t\t\t\t\t<div class=\"elementor-counter\">\n\t\t\t<div class=\"elementor-counter-title\">Mitarbeiter des Unternehmens<\/div>\t\t\t<div class=\"elementor-counter-number-wrapper\">\n\t\t\t\t<span class=\"elementor-counter-number-prefix\"><\/span>\n\t\t\t\t<span class=\"elementor-counter-number\" data-duration=\"2000\" data-to-value=\"12\" data-from-value=\"0\" data-delimiter=\",\">0<\/span>\n\t\t\t\t<span class=\"elementor-counter-number-suffix\"><\/span>\n\t\t\t<\/div>\n\t\t<\/div>\n\t\t\t\t\t\t<\/div>\n\t\t\t\t<\/div>\n\t\t\t\t<\/div>\n\t\t<div class=\"elementor-element elementor-element-7334647 e-con-full e-flex e-con e-child\" data-id=\"7334647\" data-element_type=\"container\">\n\t\t\t\t<div class=\"elementor-element elementor-element-b7c8392 elementor-widget elementor-widget-counter\" data-id=\"b7c8392\" data-element_type=\"widget\" data-widget_type=\"counter.default\">\n\t\t\t\t<div class=\"elementor-widget-container\">\n\t\t\t\t\t\t\t<div class=\"elementor-counter\">\n\t\t\t<div class=\"elementor-counter-title\">Kunden<\/div>\t\t\t<div class=\"elementor-counter-number-wrapper\">\n\t\t\t\t<span class=\"elementor-counter-number-prefix\">+<\/span>\n\t\t\t\t<span class=\"elementor-counter-number\" data-duration=\"2000\" data-to-value=\"7000\" data-from-value=\"0\" data-delimiter=\",\">0<\/span>\n\t\t\t\t<span class=\"elementor-counter-number-suffix\"><\/span>\n\t\t\t<\/div>\n\t\t<\/div>\n\t\t\t\t\t\t<\/div>\n\t\t\t\t<\/div>\n\t\t\t\t<\/div>\n\t\t\t\t\t<\/div>\n\t\t\t\t<\/div>\n\t\t<div class=\"elementor-element elementor-element-99bf8eb e-flex e-con-boxed e-con e-parent\" data-id=\"99bf8eb\" data-element_type=\"container\">\n\t\t\t\t\t<div class=\"e-con-inner\">\n\t\t<div class=\"elementor-element elementor-element-879b103 e-con-full e-flex e-con e-child\" data-id=\"879b103\" data-element_type=\"container\" data-settings=\"{&quot;background_background&quot;:&quot;classic&quot;}\">\n\t\t\t\t<div class=\"elementor-element elementor-element-0aa2360 elementor-widget elementor-widget-heading\" data-id=\"0aa2360\" data-element_type=\"widget\" data-widget_type=\"heading.default\">\n\t\t\t\t<div class=\"elementor-widget-container\">\n\t\t\t\t\t<h2 class=\"elementor-heading-title elementor-size-default\">Vision-Erkl\u00e4rung<\/h2>\t\t\t\t<\/div>\n\t\t\t\t<\/div>\n\t\t\t\t<div class=\"elementor-element elementor-element-98cf292 elementor-widget elementor-widget-text-editor\" data-id=\"98cf292\" data-element_type=\"widget\" data-widget_type=\"text-editor.default\">\n\t\t\t\t<div class=\"elementor-widget-container\">\n\t\t\t\t\t\t\t\t\t<p>Wir wollen die professionelle Konnektivit\u00e4t weltweit neu definieren, indem wir die digitale Transformation der Vernetzung durch innovative, nachhaltige L\u00f6sungen anf\u00fchren, die es Einzelpersonen und Organisationen erm\u00f6glichen, effektiver zu kommunizieren und zusammenzuarbeiten.<\/p>\t\t\t\t\t\t\t\t<\/div>\n\t\t\t\t<\/div>\n\t\t\t\t<\/div>\n\t\t<div class=\"elementor-element elementor-element-eaddb6a e-con-full e-flex e-con e-child\" data-id=\"eaddb6a\" data-element_type=\"container\" data-settings=\"{&quot;background_background&quot;:&quot;classic&quot;}\">\n\t\t\t\t<div class=\"elementor-element elementor-element-4e9737f elementor-widget elementor-widget-heading\" data-id=\"4e9737f\" data-element_type=\"widget\" data-widget_type=\"heading.default\">\n\t\t\t\t<div class=\"elementor-widget-container\">\n\t\t\t\t\t<h2 class=\"elementor-heading-title elementor-size-default\">Leitbild<\/h2>\t\t\t\t<\/div>\n\t\t\t\t<\/div>\n\t\t\t\t<div class=\"elementor-element elementor-element-b6e8e82 elementor-widget elementor-widget-text-editor\" data-id=\"b6e8e82\" data-element_type=\"widget\" data-widget_type=\"text-editor.default\">\n\t\t\t\t<div class=\"elementor-widget-container\">\n\t\t\t\t\t\t\t\t\t<p>Die Mission von DigiVCard besteht darin, hochmoderne digitale Visitenkartenl\u00f6sungen bereitzustellen, die Netzwerkprozesse optimieren, die \u00f6kologische Nachhaltigkeit verbessern und sinnvolle professionelle Interaktionen f\u00f6rdern. Wir sind bestrebt, benutzerfreundliche, anpassbare und sichere Netzwerktools bereitzustellen, die die dynamischen Anforderungen moderner Fachleute und Unternehmen unterst\u00fctzen und sicherstellen, dass sie in einer zunehmend digitalen Welt verbunden bleiben.<\/p>\t\t\t\t\t\t\t\t<\/div>\n\t\t\t\t<\/div>\n\t\t\t\t<\/div>\n\t\t\t\t\t<\/div>\n\t\t\t\t<\/div>\n\t\t<div class=\"elementor-element elementor-element-1fe0485 e-flex e-con-boxed e-con e-parent\" data-id=\"1fe0485\" data-element_type=\"container\">\n\t\t\t\t\t<div class=\"e-con-inner\">\n\t\t\t\t<div class=\"elementor-element elementor-element-8bd12d5 elementor-widget elementor-widget-heading\" data-id=\"8bd12d5\" data-element_type=\"widget\" data-widget_type=\"heading.default\">\n\t\t\t\t<div class=\"elementor-widget-container\">\n\t\t\t\t\t<p class=\"elementor-heading-title elementor-size-default\">Sie haben noch Fragen?<\/p>\t\t\t\t<\/div>\n\t\t\t\t<\/div>\n\t\t\t\t<div class=\"elementor-element elementor-element-8714b7f elementor-align-center elementor-widget elementor-widget-button\" data-id=\"8714b7f\" data-element_type=\"widget\" data-widget_type=\"button.default\">\n\t\t\t\t<div class=\"elementor-widget-container\">\n\t\t\t\t\t\t\t\t\t<div class=\"elementor-button-wrapper\">\n\t\t\t\t\t<a class=\"elementor-button elementor-button-link elementor-size-sm\" href=\"https:\/\/nfcvisitcard.com\/contact-us\/\">\n\t\t\t\t\t\t<span class=\"elementor-button-content-wrapper\">\n\t\t\t\t\t\t\t\t\t<span class=\"elementor-button-text\">Kontaktieren Sie uns<\/span>\n\t\t\t\t\t<\/span>\n\t\t\t\t\t<\/a>\n\t\t\t\t<\/div>\n\t\t\t\t\t\t\t\t<\/div>\n\t\t\t\t<\/div>\n\t\t\t\t\t<\/div>\n\t\t\t\t<\/div>\n\t\t\t\t<\/div>\n\t\t","protected":false},"excerpt":{"rendered":"<p>\u00dcber uns Die Geschichte hinter DigiVCard ist ein Beweis f\u00fcr unser Engagement f\u00fcr Nachhaltigkeit und Innovation. Alles begann mit dem Erfolg von DigiAirMenu, unserem bahnbrechenden papierlosen Bestell- und Kassensystem, das unser Engagement f\u00fcr umweltfreundliche L\u00f6sungen veranschaulichte. Aus dieser umweltfreundlichen Innovation entstand DigiVCard. Angetrieben vom Ethos des Umweltbewusstseins erweiterte DigiV Card unsere Vision, indem es neu [&hellip;]<\/p>\n","protected":false},"author":2,"featured_media":0,"parent":0,"menu_order":0,"comment_status":"closed","ping_status":"closed","template":"elementor_header_footer","meta":{"footnotes":""},"class_list":["post-1039","page","type-page","status-publish","hentry"],"_links":{"self":[{"href":"https:\/\/nfcvisitcard.com\/de\/wp-json\/wp\/v2\/pages\/1039","targetHints":{"allow":["GET"]}}],"collection":[{"href":"https:\/\/nfcvisitcard.com\/de\/wp-json\/wp\/v2\/pages"}],"about":[{"href":"https:\/\/nfcvisitcard.com\/de\/wp-json\/wp\/v2\/types\/page"}],"author":[{"embeddable":true,"href":"https:\/\/nfcvisitcard.com\/de\/wp-json\/wp\/v2\/users\/2"}],"replies":[{"embeddable":true,"href":"https:\/\/nfcvisitcard.com\/de\/wp-json\/wp\/v2\/comments?post=1039"}],"version-history":[{"count":0,"href":"https:\/\/nfcvisitcard.com\/de\/wp-json\/wp\/v2\/pages\/1039\/revisions"}],"wp:attachment":[{"href":"https:\/\/nfcvisitcard.com\/de\/wp-json\/wp\/v2\/media?parent=1039"}],"curies":[{"name":"wp","href":"https:\/\/api.w.org\/{rel}","templated":true}]}}